{"id":4224,"date":"2024-09-20T23:14:56","date_gmt":"2024-09-20T20:14:56","guid":{"rendered":"https:\/\/kervanmagazacilik.com\/?post_type=product&#038;p=4224"},"modified":"2024-09-20T23:21:19","modified_gmt":"2024-09-20T20:21:19","slug":"611db000858b","status":"publish","type":"product","link":"https:\/\/kervanmagazacilik.com\/index.php\/urun\/611db000858b\/","title":{"rendered":"611DB000858B"},"content":{"rendered":"<p>611DB000858B<\/p>\n<p>858B DERI OFIS SAND KAPITONE ESK.KAHVE 70x83x110cm 611DB<\/p>\n<p>Ah\u015fap \u0130skeletli<br \/>\n\u0130talyan \u0130nek Derisi, \u00fczerinde eskitme i\u015flemi vard\u0131r.<br \/>\n\u00c7\u0130N&#8217;DE \u00dcRET\u0130LM\u0130\u015eT\u0130R<\/p>\n","protected":false},"excerpt":{"rendered":"<p>611DB000858B 858B DERI OFIS SAND KAPITONE ESK.KAHVE 70x83x110cm 611DB Ah\u015fap \u0130skeletli \u0130talyan \u0130nek Derisi, \u00fczerinde eskitme i\u015flemi vard\u0131r. \u00c7\u0130N&#8217;DE \u00dcRET\u0130LM\u0130\u015eT\u0130R<\/p>\n","protected":false},"featured_media":4232,"template":"","meta":[],"product_brand":[],"product_cat":[144],"product_tag":[1023],"class_list":{"0":"post-4224","1":"product","2":"type-product","3":"status-publish","4":"has-post-thumbnail","6":"product_cat-611db","7":"product_tag-611db000858b","9":"first","10":"instock","11":"taxable","12":"shipping-taxable","13":"product-type-simple"},"_links":{"self":[{"href":"https:\/\/kervanmagazacilik.com\/index.php\/wp-json\/wp\/v2\/product\/4224","targetHints":{"allow":["GET"]}}],"collection":[{"href":"https:\/\/kervanmagazacilik.com\/index.php\/wp-json\/wp\/v2\/product"}],"about":[{"href":"https:\/\/kervanmagazacilik.com\/index.php\/wp-json\/wp\/v2\/types\/product"}],"wp:featuredmedia":[{"embeddable":true,"href":"https:\/\/kervanmagazacilik.com\/index.php\/wp-json\/wp\/v2\/media\/4232"}],"wp:attachment":[{"href":"https:\/\/kervanmagazacilik.com\/index.php\/wp-json\/wp\/v2\/media?parent=4224"}],"wp:term":[{"taxonomy":"product_brand","embeddable":true,"href":"https:\/\/kervanmagazacilik.com\/index.php\/wp-json\/wp\/v2\/product_brand?post=4224"},{"taxonomy":"product_cat","embeddable":true,"href":"https:\/\/kervanmagazacilik.com\/index.php\/wp-json\/wp\/v2\/product_cat?post=4224"},{"taxonomy":"product_tag","embeddable":true,"href":"https:\/\/kervanmagazacilik.com\/index.php\/wp-json\/wp\/v2\/product_tag?post=4224"}],"curies":[{"name":"wp","href":"https:\/\/api.w.org\/{rel}","templated":true}]}}