{"id":4220,"date":"2024-09-20T23:13:50","date_gmt":"2024-09-20T20:13:50","guid":{"rendered":"https:\/\/kervanmagazacilik.com\/?post_type=product&#038;p=4220"},"modified":"2024-09-20T23:13:50","modified_gmt":"2024-09-20T20:13:50","slug":"611db0000053","status":"publish","type":"product","link":"https:\/\/kervanmagazacilik.com\/index.php\/urun\/611db0000053\/","title":{"rendered":"611DB0000053"},"content":{"rendered":"<p>611DB0000053<\/p>\n<p>BERJER DERI CAMEL B65# 73x91x83cm C0340D-1D<\/p>\n<p>Metal \u0130skeletli<br \/>\ntalyan \u0130nek Derisi, \u00fczerinde eskitme i\u015flemi vard\u0131r.<br \/>\n\u00c7\u0130N&#8217;DE \u00dcRET\u0130LM\u0130\u015eT\u0130R<\/p>\n","protected":false},"excerpt":{"rendered":"<p>611DB0000053 BERJER DERI CAMEL B65# 73x91x83cm C0340D-1D Metal \u0130skeletli talyan \u0130nek Derisi, \u00fczerinde eskitme i\u015flemi vard\u0131r. \u00c7\u0130N&#8217;DE \u00dcRET\u0130LM\u0130\u015eT\u0130R<\/p>\n","protected":false},"featured_media":4221,"template":"","meta":[],"product_brand":[],"product_cat":[144],"product_tag":[1022],"class_list":{"0":"post-4220","1":"product","2":"type-product","3":"status-publish","4":"has-post-thumbnail","6":"product_cat-611db","7":"product_tag-611db0000053","9":"first","10":"instock","11":"taxable","12":"shipping-taxable","13":"product-type-simple"},"_links":{"self":[{"href":"https:\/\/kervanmagazacilik.com\/index.php\/wp-json\/wp\/v2\/product\/4220","targetHints":{"allow":["GET"]}}],"collection":[{"href":"https:\/\/kervanmagazacilik.com\/index.php\/wp-json\/wp\/v2\/product"}],"about":[{"href":"https:\/\/kervanmagazacilik.com\/index.php\/wp-json\/wp\/v2\/types\/product"}],"wp:featuredmedia":[{"embeddable":true,"href":"https:\/\/kervanmagazacilik.com\/index.php\/wp-json\/wp\/v2\/media\/4221"}],"wp:attachment":[{"href":"https:\/\/kervanmagazacilik.com\/index.php\/wp-json\/wp\/v2\/media?parent=4220"}],"wp:term":[{"taxonomy":"product_brand","embeddable":true,"href":"https:\/\/kervanmagazacilik.com\/index.php\/wp-json\/wp\/v2\/product_brand?post=4220"},{"taxonomy":"product_cat","embeddable":true,"href":"https:\/\/kervanmagazacilik.com\/index.php\/wp-json\/wp\/v2\/product_cat?post=4220"},{"taxonomy":"product_tag","embeddable":true,"href":"https:\/\/kervanmagazacilik.com\/index.php\/wp-json\/wp\/v2\/product_tag?post=4220"}],"curies":[{"name":"wp","href":"https:\/\/api.w.org\/{rel}","templated":true}]}}