{"id":4216,"date":"2024-09-20T23:12:23","date_gmt":"2024-09-20T20:12:23","guid":{"rendered":"https:\/\/kervanmagazacilik.com\/?post_type=product&#038;p=4216"},"modified":"2024-09-20T23:12:24","modified_gmt":"2024-09-20T20:12:24","slug":"611db0000046","status":"publish","type":"product","link":"https:\/\/kervanmagazacilik.com\/index.php\/urun\/611db0000046\/","title":{"rendered":"611DB0000046"},"content":{"rendered":"<p>611DB0000046<\/p>\n<p>1106-ZY-1D DAMON OF\u0130S SANDALYES\u0130 KAHVE B65 64x73x88cm<\/p>\n<p>Ah\u015fap \u0130skeletli<\/p>\n<p>\u0130talyan \u0130nek Derisi, \u00fczerinde eskitme i\u015flemi vard\u0131r.<\/p>\n<p>\u00c7\u0130N&#8217;DE \u00dcRET\u0130LM\u0130\u015eT\u0130R<\/p>\n","protected":false},"excerpt":{"rendered":"<p>611DB0000046 1106-ZY-1D DAMON OF\u0130S SANDALYES\u0130 KAHVE B65 64x73x88cm Ah\u015fap \u0130skeletli \u0130talyan \u0130nek Derisi, \u00fczerinde eskitme i\u015flemi vard\u0131r. \u00c7\u0130N&#8217;DE \u00dcRET\u0130LM\u0130\u015eT\u0130R<\/p>\n","protected":false},"featured_media":4217,"template":"","meta":[],"product_brand":[],"product_cat":[144],"product_tag":[1021],"class_list":{"0":"post-4216","1":"product","2":"type-product","3":"status-publish","4":"has-post-thumbnail","6":"product_cat-611db","7":"product_tag-611db0000046","9":"first","10":"instock","11":"taxable","12":"shipping-taxable","13":"product-type-simple"},"_links":{"self":[{"href":"https:\/\/kervanmagazacilik.com\/index.php\/wp-json\/wp\/v2\/product\/4216","targetHints":{"allow":["GET"]}}],"collection":[{"href":"https:\/\/kervanmagazacilik.com\/index.php\/wp-json\/wp\/v2\/product"}],"about":[{"href":"https:\/\/kervanmagazacilik.com\/index.php\/wp-json\/wp\/v2\/types\/product"}],"wp:featuredmedia":[{"embeddable":true,"href":"https:\/\/kervanmagazacilik.com\/index.php\/wp-json\/wp\/v2\/media\/4217"}],"wp:attachment":[{"href":"https:\/\/kervanmagazacilik.com\/index.php\/wp-json\/wp\/v2\/media?parent=4216"}],"wp:term":[{"taxonomy":"product_brand","embeddable":true,"href":"https:\/\/kervanmagazacilik.com\/index.php\/wp-json\/wp\/v2\/product_brand?post=4216"},{"taxonomy":"product_cat","embeddable":true,"href":"https:\/\/kervanmagazacilik.com\/index.php\/wp-json\/wp\/v2\/product_cat?post=4216"},{"taxonomy":"product_tag","embeddable":true,"href":"https:\/\/kervanmagazacilik.com\/index.php\/wp-json\/wp\/v2\/product_tag?post=4216"}],"curies":[{"name":"wp","href":"https:\/\/api.w.org\/{rel}","templated":true}]}}