{"id":4211,"date":"2024-09-20T23:10:51","date_gmt":"2024-09-20T20:10:51","guid":{"rendered":"https:\/\/kervanmagazacilik.com\/?post_type=product&#038;p=4211"},"modified":"2024-09-20T23:10:51","modified_gmt":"2024-09-20T20:10:51","slug":"611db0000041","status":"publish","type":"product","link":"https:\/\/kervanmagazacilik.com\/index.php\/urun\/611db0000041\/","title":{"rendered":"611DB0000041"},"content":{"rendered":"<p>611DB0000041<\/p>\n<p>CAPR\u0130 SANDALYE CAMEL 58x52x85cm C0115A-1D B65 CUBA BROWN<\/p>\n<p>\u0130NEK DER\u0130S\u0130, DEM\u0130R<\/p>\n","protected":false},"excerpt":{"rendered":"<p>611DB0000041 CAPR\u0130 SANDALYE CAMEL 58x52x85cm C0115A-1D B65 CUBA BROWN \u0130NEK DER\u0130S\u0130, DEM\u0130R<\/p>\n","protected":false},"featured_media":4212,"template":"","meta":[],"product_brand":[],"product_cat":[144],"product_tag":[1020],"class_list":{"0":"post-4211","1":"product","2":"type-product","3":"status-publish","4":"has-post-thumbnail","6":"product_cat-611db","7":"product_tag-611db0000041","9":"first","10":"instock","11":"taxable","12":"shipping-taxable","13":"product-type-simple"},"_links":{"self":[{"href":"https:\/\/kervanmagazacilik.com\/index.php\/wp-json\/wp\/v2\/product\/4211","targetHints":{"allow":["GET"]}}],"collection":[{"href":"https:\/\/kervanmagazacilik.com\/index.php\/wp-json\/wp\/v2\/product"}],"about":[{"href":"https:\/\/kervanmagazacilik.com\/index.php\/wp-json\/wp\/v2\/types\/product"}],"wp:featuredmedia":[{"embeddable":true,"href":"https:\/\/kervanmagazacilik.com\/index.php\/wp-json\/wp\/v2\/media\/4212"}],"wp:attachment":[{"href":"https:\/\/kervanmagazacilik.com\/index.php\/wp-json\/wp\/v2\/media?parent=4211"}],"wp:term":[{"taxonomy":"product_brand","embeddable":true,"href":"https:\/\/kervanmagazacilik.com\/index.php\/wp-json\/wp\/v2\/product_brand?post=4211"},{"taxonomy":"product_cat","embeddable":true,"href":"https:\/\/kervanmagazacilik.com\/index.php\/wp-json\/wp\/v2\/product_cat?post=4211"},{"taxonomy":"product_tag","embeddable":true,"href":"https:\/\/kervanmagazacilik.com\/index.php\/wp-json\/wp\/v2\/product_tag?post=4211"}],"curies":[{"name":"wp","href":"https:\/\/api.w.org\/{rel}","templated":true}]}}