{"id":4191,"date":"2024-09-20T23:04:59","date_gmt":"2024-09-20T20:04:59","guid":{"rendered":"https:\/\/kervanmagazacilik.com\/?post_type=product&#038;p=4191"},"modified":"2024-09-20T23:04:59","modified_gmt":"2024-09-20T20:04:59","slug":"611db0000017","status":"publish","type":"product","link":"https:\/\/kervanmagazacilik.com\/index.php\/urun\/611db0000017\/","title":{"rendered":"611DB0000017"},"content":{"rendered":"<p>611DB0000017<\/p>\n<p>M-018A-3D BUGATTI UCLU KOLTUK DERI CAMEL 198x88x90cm<\/p>\n<p>Ah\u015fap \u0130skeletli<br \/>\n\u0130talyan \u0130nek Derisi, \u00fczerinde eskitme i\u015flemi vard\u0131r.<br \/>\n\u00c7\u0130N&#8217;DE \u00dcRET\u0130LM\u0130\u015eT\u0130R<\/p>\n","protected":false},"excerpt":{"rendered":"<p>611DB0000017 M-018A-3D BUGATTI UCLU KOLTUK DERI CAMEL 198x88x90cm Ah\u015fap \u0130skeletli \u0130talyan \u0130nek Derisi, \u00fczerinde eskitme i\u015flemi vard\u0131r. \u00c7\u0130N&#8217;DE \u00dcRET\u0130LM\u0130\u015eT\u0130R<\/p>\n","protected":false},"featured_media":4192,"template":"","meta":[],"product_brand":[],"product_cat":[144],"product_tag":[1016],"class_list":{"0":"post-4191","1":"product","2":"type-product","3":"status-publish","4":"has-post-thumbnail","6":"product_cat-611db","7":"product_tag-611db0000017","9":"first","10":"instock","11":"taxable","12":"shipping-taxable","13":"product-type-simple"},"_links":{"self":[{"href":"https:\/\/kervanmagazacilik.com\/index.php\/wp-json\/wp\/v2\/product\/4191","targetHints":{"allow":["GET"]}}],"collection":[{"href":"https:\/\/kervanmagazacilik.com\/index.php\/wp-json\/wp\/v2\/product"}],"about":[{"href":"https:\/\/kervanmagazacilik.com\/index.php\/wp-json\/wp\/v2\/types\/product"}],"wp:featuredmedia":[{"embeddable":true,"href":"https:\/\/kervanmagazacilik.com\/index.php\/wp-json\/wp\/v2\/media\/4192"}],"wp:attachment":[{"href":"https:\/\/kervanmagazacilik.com\/index.php\/wp-json\/wp\/v2\/media?parent=4191"}],"wp:term":[{"taxonomy":"product_brand","embeddable":true,"href":"https:\/\/kervanmagazacilik.com\/index.php\/wp-json\/wp\/v2\/product_brand?post=4191"},{"taxonomy":"product_cat","embeddable":true,"href":"https:\/\/kervanmagazacilik.com\/index.php\/wp-json\/wp\/v2\/product_cat?post=4191"},{"taxonomy":"product_tag","embeddable":true,"href":"https:\/\/kervanmagazacilik.com\/index.php\/wp-json\/wp\/v2\/product_tag?post=4191"}],"curies":[{"name":"wp","href":"https:\/\/api.w.org\/{rel}","templated":true}]}}