{"id":4156,"date":"2024-09-20T17:17:40","date_gmt":"2024-09-20T14:17:40","guid":{"rendered":"https:\/\/kervanmagazacilik.com\/?post_type=product&#038;p=4156"},"modified":"2024-09-20T17:17:40","modified_gmt":"2024-09-20T14:17:40","slug":"611dab000004","status":"publish","type":"product","link":"https:\/\/kervanmagazacilik.com\/index.php\/urun\/611dab000004\/","title":{"rendered":"611DAB000004"},"content":{"rendered":"<p>611DAB000004<\/p>\n<p>N\u0130NA Z\u0130GON 36x41x62cm<\/p>\n<p>Tik A\u011fac\u0131<\/p>\n<p>Urgan k\u0131sm\u0131 i\u00e7in ; Toz birikmesi durumunda l\u00fctfen toz \u00e7\u0131kana kadar y\u00fcksek hava bas\u0131nc\u0131 kullanarak temizleyiniz.<br \/>\nLeke i\u00e7in, l\u00fctfen temiz su kullanarak temizleyiniz. Bir kase i\u00e7erisine bir miktar su ve biraz \u015fampuan veya s\u0131v\u0131 sabun ekleyebilirsiniz ve bir di\u015f f\u0131r\u00e7as\u0131 yard\u0131m\u0131yla hafif\u00e7e ovalayabilirsiniz. Bu i\u015flemin leke \u00e7\u0131kana kadar tekrarlanmas\u0131 gerekmektedir. Ard\u0131ndan g\u00fcne\u015fin alt\u0131na koyarak veya orta \u0131s\u0131da sa\u00e7 kurutma makinesi kullanarak kurutunuz.<br \/>\n(DETERJAN VEYA \u00c7AMA\u015eIR SUYU KULLANMAYIN, BU URGANI TAHRIP EDECEKTIR).<br \/>\nAh\u015fap K\u0131sm i\u00e7in Ah\u015fab\u0131n \u00fczerine bir s\u0131v\u0131 d\u00f6k\u00fcl\u00fcrse, ah\u015fab\u0131n y\u00fczeyini m\u00fcmk\u00fcn olan en k\u0131sa s\u00fcrede kuru bir bezle temizleyin. Daha sonras\u0131nda kalan lekelerii temizlemek i\u00e7in hafif nemli bir bez kullan\u0131n ve ard\u0131ndan kuru bir bezle tekrar kurulay\u0131n.<br \/>\n\u015earap veya sert lekeler b\u0131rakan s\u0131v\u0131lar gibi belirli s\u0131v\u0131 lekeleri i\u00e7in, bu i\u015flem leke kaybolana kadar birka\u00e7 kez kademeli olarak yap\u0131labilir. Y\u00fcksek s\u0131cakl\u0131\u011fa sahip y\u00fczeyler ile direkt temas edilmesinden ka\u00e7\u0131n\u0131n, m\u00fcmk\u00fcn olduk\u00e7a altl\u0131k kullan\u0131n.<\/p>\n","protected":false},"excerpt":{"rendered":"<p>611DAB000004 N\u0130NA Z\u0130GON 36x41x62cm Tik A\u011fac\u0131 Urgan k\u0131sm\u0131 i\u00e7in ; Toz birikmesi durumunda l\u00fctfen toz \u00e7\u0131kana kadar y\u00fcksek hava bas\u0131nc\u0131 kullanarak temizleyiniz. Leke i\u00e7in, l\u00fctfen temiz su kullanarak temizleyiniz. Bir kase i\u00e7erisine bir miktar su ve biraz \u015fampuan veya s\u0131v\u0131 sabun ekleyebilirsiniz ve bir di\u015f f\u0131r\u00e7as\u0131 yard\u0131m\u0131yla hafif\u00e7e ovalayabilirsiniz. Bu i\u015flemin leke \u00e7\u0131kana kadar tekrarlanmas\u0131 [&hellip;]<\/p>\n","protected":false},"featured_media":4157,"template":"","meta":[],"product_brand":[],"product_cat":[145],"product_tag":[1008],"class_list":{"0":"post-4156","1":"product","2":"type-product","3":"status-publish","4":"has-post-thumbnail","6":"product_cat-611dab","7":"product_tag-611dab000004","9":"first","10":"instock","11":"taxable","12":"shipping-taxable","13":"product-type-simple"},"_links":{"self":[{"href":"https:\/\/kervanmagazacilik.com\/index.php\/wp-json\/wp\/v2\/product\/4156","targetHints":{"allow":["GET"]}}],"collection":[{"href":"https:\/\/kervanmagazacilik.com\/index.php\/wp-json\/wp\/v2\/product"}],"about":[{"href":"https:\/\/kervanmagazacilik.com\/index.php\/wp-json\/wp\/v2\/types\/product"}],"wp:featuredmedia":[{"embeddable":true,"href":"https:\/\/kervanmagazacilik.com\/index.php\/wp-json\/wp\/v2\/media\/4157"}],"wp:attachment":[{"href":"https:\/\/kervanmagazacilik.com\/index.php\/wp-json\/wp\/v2\/media?parent=4156"}],"wp:term":[{"taxonomy":"product_brand","embeddable":true,"href":"https:\/\/kervanmagazacilik.com\/index.php\/wp-json\/wp\/v2\/product_brand?post=4156"},{"taxonomy":"product_cat","embeddable":true,"href":"https:\/\/kervanmagazacilik.com\/index.php\/wp-json\/wp\/v2\/product_cat?post=4156"},{"taxonomy":"product_tag","embeddable":true,"href":"https:\/\/kervanmagazacilik.com\/index.php\/wp-json\/wp\/v2\/product_tag?post=4156"}],"curies":[{"name":"wp","href":"https:\/\/api.w.org\/{rel}","templated":true}]}}