{"id":4112,"date":"2024-09-20T16:43:01","date_gmt":"2024-09-20T13:43:01","guid":{"rendered":"https:\/\/kervanmagazacilik.com\/?post_type=product&#038;p=4112"},"modified":"2024-09-20T16:43:02","modified_gmt":"2024-09-20T13:43:02","slug":"611cr0000243","status":"publish","type":"product","link":"https:\/\/kervanmagazacilik.com\/index.php\/urun\/611cr0000243\/","title":{"rendered":"611CR0000243"},"content":{"rendered":"<p>611CR0000243<\/p>\n<p>DEVON YATAK+1 KOM.(CA711) 100x200cm (KOM.35x50x71cm) CA018<\/p>\n<p>Kuru veya hafif nemli bir bez yard\u0131m\u0131 ile temizlenmelidir. \u0130\u00e7 mekan kullan\u0131m\u0131 i\u00e7in uygundur. Ya\u011fmur ve direkt g\u00fcne\u015f \u0131\u015f\u0131\u011f\u0131ndan uzak tutulmal\u0131d\u0131r.<\/p>\n","protected":false},"excerpt":{"rendered":"<p>611CR0000243 DEVON YATAK+1 KOM.(CA711) 100x200cm (KOM.35x50x71cm) CA018 Kuru veya hafif nemli bir bez yard\u0131m\u0131 ile temizlenmelidir. \u0130\u00e7 mekan kullan\u0131m\u0131 i\u00e7in uygundur. Ya\u011fmur ve direkt g\u00fcne\u015f \u0131\u015f\u0131\u011f\u0131ndan uzak tutulmal\u0131d\u0131r.<\/p>\n","protected":false},"featured_media":4113,"template":"","meta":[],"product_brand":[],"product_cat":[146],"product_tag":[998],"class_list":{"0":"post-4112","1":"product","2":"type-product","3":"status-publish","4":"has-post-thumbnail","6":"product_cat-611cr","7":"product_tag-611cr0000243","9":"first","10":"instock","11":"taxable","12":"shipping-taxable","13":"product-type-simple"},"_links":{"self":[{"href":"https:\/\/kervanmagazacilik.com\/index.php\/wp-json\/wp\/v2\/product\/4112","targetHints":{"allow":["GET"]}}],"collection":[{"href":"https:\/\/kervanmagazacilik.com\/index.php\/wp-json\/wp\/v2\/product"}],"about":[{"href":"https:\/\/kervanmagazacilik.com\/index.php\/wp-json\/wp\/v2\/types\/product"}],"wp:featuredmedia":[{"embeddable":true,"href":"https:\/\/kervanmagazacilik.com\/index.php\/wp-json\/wp\/v2\/media\/4113"}],"wp:attachment":[{"href":"https:\/\/kervanmagazacilik.com\/index.php\/wp-json\/wp\/v2\/media?parent=4112"}],"wp:term":[{"taxonomy":"product_brand","embeddable":true,"href":"https:\/\/kervanmagazacilik.com\/index.php\/wp-json\/wp\/v2\/product_brand?post=4112"},{"taxonomy":"product_cat","embeddable":true,"href":"https:\/\/kervanmagazacilik.com\/index.php\/wp-json\/wp\/v2\/product_cat?post=4112"},{"taxonomy":"product_tag","embeddable":true,"href":"https:\/\/kervanmagazacilik.com\/index.php\/wp-json\/wp\/v2\/product_tag?post=4112"}],"curies":[{"name":"wp","href":"https:\/\/api.w.org\/{rel}","templated":true}]}}