{"id":37549,"date":"2026-05-15T09:18:19","date_gmt":"2026-05-15T06:18:19","guid":{"rendered":"https:\/\/kervanmagazacilik.com\/?post_type=product&#038;p=37549"},"modified":"2026-05-15T09:18:19","modified_gmt":"2026-05-15T06:18:19","slug":"611vs0000010","status":"publish","type":"product","link":"https:\/\/kervanmagazacilik.com\/index.php\/urun\/611vs0000010\/","title":{"rendered":"611VS0000010"},"content":{"rendered":"<p>611VS0000010<\/p>\n<p>MARLOT D\u00d6RTL\u00dc KOLTUK BEYAZ 105x280x75 (9851)<\/p>\n<p>EN:105cm<\/p>\n<p>BOY:280cm<\/p>\n<p>Y\u00dcKSEKL\u0130K:75cm<\/p>\n<p>% 15 KOTON<\/p>\n<p>% 85 POLYESTER<\/p>\n<p>SADECE KURU TEM\u0130ZLEME \u00d6NER\u0130L\u0130R.<\/p>\n","protected":false},"excerpt":{"rendered":"<p>611VS0000010 MARLOT D\u00d6RTL\u00dc KOLTUK BEYAZ 105x280x75 (9851) EN:105cm BOY:280cm Y\u00dcKSEKL\u0130K:75cm % 15 KOTON % 85 POLYESTER SADECE KURU TEM\u0130ZLEME \u00d6NER\u0130L\u0130R.<\/p>\n","protected":false},"featured_media":37551,"template":"","meta":[],"product_brand":[],"product_cat":[1316],"product_tag":[8346],"class_list":{"0":"post-37549","1":"product","2":"type-product","3":"status-publish","4":"has-post-thumbnail","6":"product_cat-611vs","7":"product_tag-611vs0000010","9":"first","10":"instock","11":"taxable","12":"shipping-taxable","13":"product-type-simple"},"_links":{"self":[{"href":"https:\/\/kervanmagazacilik.com\/index.php\/wp-json\/wp\/v2\/product\/37549","targetHints":{"allow":["GET"]}}],"collection":[{"href":"https:\/\/kervanmagazacilik.com\/index.php\/wp-json\/wp\/v2\/product"}],"about":[{"href":"https:\/\/kervanmagazacilik.com\/index.php\/wp-json\/wp\/v2\/types\/product"}],"wp:featuredmedia":[{"embeddable":true,"href":"https:\/\/kervanmagazacilik.com\/index.php\/wp-json\/wp\/v2\/media\/37551"}],"wp:attachment":[{"href":"https:\/\/kervanmagazacilik.com\/index.php\/wp-json\/wp\/v2\/media?parent=37549"}],"wp:term":[{"taxonomy":"product_brand","embeddable":true,"href":"https:\/\/kervanmagazacilik.com\/index.php\/wp-json\/wp\/v2\/product_brand?post=37549"},{"taxonomy":"product_cat","embeddable":true,"href":"https:\/\/kervanmagazacilik.com\/index.php\/wp-json\/wp\/v2\/product_cat?post=37549"},{"taxonomy":"product_tag","embeddable":true,"href":"https:\/\/kervanmagazacilik.com\/index.php\/wp-json\/wp\/v2\/product_tag?post=37549"}],"curies":[{"name":"wp","href":"https:\/\/api.w.org\/{rel}","templated":true}]}}