{"id":37538,"date":"2026-05-12T11:53:02","date_gmt":"2026-05-12T08:53:02","guid":{"rendered":"https:\/\/kervanmagazacilik.com\/?post_type=product&#038;p=37538"},"modified":"2026-05-12T11:53:03","modified_gmt":"2026-05-12T08:53:03","slug":"241063027906","status":"publish","type":"product","link":"https:\/\/kervanmagazacilik.com\/index.php\/urun\/241063027906\/","title":{"rendered":"241063027906"},"content":{"rendered":"<p><strong>241063027906<\/strong><\/p>\n<p>SERAY 180X320 MASA \u00d6RT\u00dcS\u00dc ECRU<\/p>\n<div>Kuma\u015f: %100 Polyester<\/div>\n<div>Aksesuar, %100 Polyester<\/div>\n<div>30 derece y\u0131kama<\/div>\n<div>\u00c7ama\u015f\u0131r suyu konamaz<\/div>\n<div>Kurutma makinesinde kurutulamaz<\/div>\n<div>D\u00fc\u015f\u00fck \u0131s\u0131da \u00fct\u00fclenmelidir<\/div>\n<div><\/div>\n<div>ALT GRUP: SALON TEKST\u0130L\u0130<\/div>\n","protected":false},"excerpt":{"rendered":"<p>241063027906 SERAY 180X320 MASA \u00d6RT\u00dcS\u00dc ECRU Kuma\u015f: %100 Polyester Aksesuar, %100 Polyester 30 derece y\u0131kama \u00c7ama\u015f\u0131r suyu konamaz Kurutma makinesinde kurutulamaz D\u00fc\u015f\u00fck \u0131s\u0131da \u00fct\u00fclenmelidir ALT GRUP: SALON TEKST\u0130L\u0130<\/p>\n","protected":false},"featured_media":37539,"template":"","meta":[],"product_brand":[],"product_cat":[3250],"product_tag":[8342],"class_list":{"0":"post-37538","1":"product","2":"type-product","3":"status-publish","4":"has-post-thumbnail","6":"product_cat-3250","7":"product_tag-8342","9":"first","10":"instock","11":"taxable","12":"shipping-taxable","13":"product-type-simple"},"_links":{"self":[{"href":"https:\/\/kervanmagazacilik.com\/index.php\/wp-json\/wp\/v2\/product\/37538","targetHints":{"allow":["GET"]}}],"collection":[{"href":"https:\/\/kervanmagazacilik.com\/index.php\/wp-json\/wp\/v2\/product"}],"about":[{"href":"https:\/\/kervanmagazacilik.com\/index.php\/wp-json\/wp\/v2\/types\/product"}],"wp:featuredmedia":[{"embeddable":true,"href":"https:\/\/kervanmagazacilik.com\/index.php\/wp-json\/wp\/v2\/media\/37539"}],"wp:attachment":[{"href":"https:\/\/kervanmagazacilik.com\/index.php\/wp-json\/wp\/v2\/media?parent=37538"}],"wp:term":[{"taxonomy":"product_brand","embeddable":true,"href":"https:\/\/kervanmagazacilik.com\/index.php\/wp-json\/wp\/v2\/product_brand?post=37538"},{"taxonomy":"product_cat","embeddable":true,"href":"https:\/\/kervanmagazacilik.com\/index.php\/wp-json\/wp\/v2\/product_cat?post=37538"},{"taxonomy":"product_tag","embeddable":true,"href":"https:\/\/kervanmagazacilik.com\/index.php\/wp-json\/wp\/v2\/product_tag?post=37538"}],"curies":[{"name":"wp","href":"https:\/\/api.w.org\/{rel}","templated":true}]}}