{"id":37497,"date":"2026-05-12T10:31:05","date_gmt":"2026-05-12T07:31:05","guid":{"rendered":"https:\/\/kervanmagazacilik.com\/?post_type=product&#038;p=37497"},"modified":"2026-05-12T10:31:07","modified_gmt":"2026-05-12T07:31:07","slug":"241063027922","status":"publish","type":"product","link":"https:\/\/kervanmagazacilik.com\/index.php\/urun\/241063027922\/","title":{"rendered":"241063027922"},"content":{"rendered":"<p><strong>241063027922<\/strong><\/p>\n<p>ROSAL\u0130N 160X280 MASA ORTUSU ECRU<\/p>\n<div>Kuma\u015f; %100 Polyester<\/div>\n<div>Aksesuar; %100 Polyester<\/div>\n<div>30 derece y\u0131kama<\/div>\n<div>\u00c7ama\u015f\u0131r suyu konamaz<\/div>\n<div>Kurutma makinesinde kurutulamaz<\/div>\n<div>D\u00fc\u015f\u00fck \u0131s\u0131da \u00fct\u00fclenmelidir<\/div>\n<div><\/div>\n<div>ALT GRUP: SALON TEKST\u0130L\u0130<\/div>\n","protected":false},"excerpt":{"rendered":"<p>241063027922 ROSAL\u0130N 160X280 MASA ORTUSU ECRU Kuma\u015f; %100 Polyester Aksesuar; %100 Polyester 30 derece y\u0131kama \u00c7ama\u015f\u0131r suyu konamaz Kurutma makinesinde kurutulamaz D\u00fc\u015f\u00fck \u0131s\u0131da \u00fct\u00fclenmelidir ALT GRUP: SALON TEKST\u0130L\u0130<\/p>\n","protected":false},"featured_media":37499,"template":"","meta":[],"product_brand":[],"product_cat":[3250],"product_tag":[8329],"class_list":{"0":"post-37497","1":"product","2":"type-product","3":"status-publish","4":"has-post-thumbnail","6":"product_cat-3250","7":"product_tag-8329","9":"first","10":"instock","11":"taxable","12":"shipping-taxable","13":"product-type-simple"},"_links":{"self":[{"href":"https:\/\/kervanmagazacilik.com\/index.php\/wp-json\/wp\/v2\/product\/37497","targetHints":{"allow":["GET"]}}],"collection":[{"href":"https:\/\/kervanmagazacilik.com\/index.php\/wp-json\/wp\/v2\/product"}],"about":[{"href":"https:\/\/kervanmagazacilik.com\/index.php\/wp-json\/wp\/v2\/types\/product"}],"wp:featuredmedia":[{"embeddable":true,"href":"https:\/\/kervanmagazacilik.com\/index.php\/wp-json\/wp\/v2\/media\/37499"}],"wp:attachment":[{"href":"https:\/\/kervanmagazacilik.com\/index.php\/wp-json\/wp\/v2\/media?parent=37497"}],"wp:term":[{"taxonomy":"product_brand","embeddable":true,"href":"https:\/\/kervanmagazacilik.com\/index.php\/wp-json\/wp\/v2\/product_brand?post=37497"},{"taxonomy":"product_cat","embeddable":true,"href":"https:\/\/kervanmagazacilik.com\/index.php\/wp-json\/wp\/v2\/product_cat?post=37497"},{"taxonomy":"product_tag","embeddable":true,"href":"https:\/\/kervanmagazacilik.com\/index.php\/wp-json\/wp\/v2\/product_tag?post=37497"}],"curies":[{"name":"wp","href":"https:\/\/api.w.org\/{rel}","templated":true}]}}