{"id":37468,"date":"2026-05-08T16:51:06","date_gmt":"2026-05-08T13:51:06","guid":{"rendered":"https:\/\/kervanmagazacilik.com\/?post_type=product&#038;p=37468"},"modified":"2026-05-08T16:51:06","modified_gmt":"2026-05-08T13:51:06","slug":"611apn000009","status":"publish","type":"product","link":"https:\/\/kervanmagazacilik.com\/index.php\/urun\/611apn000009\/","title":{"rendered":"611APN000009"},"content":{"rendered":"<p><strong>611APN000009<\/strong><\/p>\n<p>TAVUS KU\u015eLU ORTA SEHPA &#8211; CAM \u00dcSTL\u00dc &#8211; 129,50*68,50*45,50 CM AP-1522<\/p>\n<p>&nbsp;<\/p>\n","protected":false},"excerpt":{"rendered":"<p>611APN000009 TAVUS KU\u015eLU ORTA SEHPA &#8211; CAM \u00dcSTL\u00dc &#8211; 129,50*68,50*45,50 CM AP-1522 &nbsp;<\/p>\n","protected":false},"featured_media":37471,"template":"","meta":[],"product_brand":[],"product_cat":[8308],"product_tag":[8317],"class_list":{"0":"post-37468","1":"product","2":"type-product","3":"status-publish","4":"has-post-thumbnail","6":"product_cat-611apn","7":"product_tag-611apn000009","9":"first","10":"instock","11":"taxable","12":"shipping-taxable","13":"product-type-simple"},"_links":{"self":[{"href":"https:\/\/kervanmagazacilik.com\/index.php\/wp-json\/wp\/v2\/product\/37468","targetHints":{"allow":["GET"]}}],"collection":[{"href":"https:\/\/kervanmagazacilik.com\/index.php\/wp-json\/wp\/v2\/product"}],"about":[{"href":"https:\/\/kervanmagazacilik.com\/index.php\/wp-json\/wp\/v2\/types\/product"}],"wp:featuredmedia":[{"embeddable":true,"href":"https:\/\/kervanmagazacilik.com\/index.php\/wp-json\/wp\/v2\/media\/37471"}],"wp:attachment":[{"href":"https:\/\/kervanmagazacilik.com\/index.php\/wp-json\/wp\/v2\/media?parent=37468"}],"wp:term":[{"taxonomy":"product_brand","embeddable":true,"href":"https:\/\/kervanmagazacilik.com\/index.php\/wp-json\/wp\/v2\/product_brand?post=37468"},{"taxonomy":"product_cat","embeddable":true,"href":"https:\/\/kervanmagazacilik.com\/index.php\/wp-json\/wp\/v2\/product_cat?post=37468"},{"taxonomy":"product_tag","embeddable":true,"href":"https:\/\/kervanmagazacilik.com\/index.php\/wp-json\/wp\/v2\/product_tag?post=37468"}],"curies":[{"name":"wp","href":"https:\/\/api.w.org\/{rel}","templated":true}]}}