{"id":37464,"date":"2026-05-08T16:45:46","date_gmt":"2026-05-08T13:45:46","guid":{"rendered":"https:\/\/kervanmagazacilik.com\/?post_type=product&#038;p=37464"},"modified":"2026-05-08T16:45:47","modified_gmt":"2026-05-08T13:45:47","slug":"611apn000006","status":"publish","type":"product","link":"https:\/\/kervanmagazacilik.com\/index.php\/urun\/611apn000006\/","title":{"rendered":"611APN000006"},"content":{"rendered":"<p><strong>611APN000006<\/strong><\/p>\n<p>KU\u011eULU YAN SEHPA &#8211; BEYAZ MERMER \u00dcSTL\u00dc &#8211; 40,50*40,50*63,50 CM 44805<\/p>\n<p>&nbsp;<\/p>\n","protected":false},"excerpt":{"rendered":"<p>611APN000006 KU\u011eULU YAN SEHPA &#8211; BEYAZ MERMER \u00dcSTL\u00dc &#8211; 40,50*40,50*63,50 CM 44805 &nbsp;<\/p>\n","protected":false},"featured_media":37465,"template":"","meta":[],"product_brand":[],"product_cat":[8308],"product_tag":[8313],"class_list":{"0":"post-37464","1":"product","2":"type-product","3":"status-publish","4":"has-post-thumbnail","6":"product_cat-611apn","7":"product_tag-611apn000006","9":"first","10":"instock","11":"taxable","12":"shipping-taxable","13":"product-type-simple"},"_links":{"self":[{"href":"https:\/\/kervanmagazacilik.com\/index.php\/wp-json\/wp\/v2\/product\/37464","targetHints":{"allow":["GET"]}}],"collection":[{"href":"https:\/\/kervanmagazacilik.com\/index.php\/wp-json\/wp\/v2\/product"}],"about":[{"href":"https:\/\/kervanmagazacilik.com\/index.php\/wp-json\/wp\/v2\/types\/product"}],"wp:featuredmedia":[{"embeddable":true,"href":"https:\/\/kervanmagazacilik.com\/index.php\/wp-json\/wp\/v2\/media\/37465"}],"wp:attachment":[{"href":"https:\/\/kervanmagazacilik.com\/index.php\/wp-json\/wp\/v2\/media?parent=37464"}],"wp:term":[{"taxonomy":"product_brand","embeddable":true,"href":"https:\/\/kervanmagazacilik.com\/index.php\/wp-json\/wp\/v2\/product_brand?post=37464"},{"taxonomy":"product_cat","embeddable":true,"href":"https:\/\/kervanmagazacilik.com\/index.php\/wp-json\/wp\/v2\/product_cat?post=37464"},{"taxonomy":"product_tag","embeddable":true,"href":"https:\/\/kervanmagazacilik.com\/index.php\/wp-json\/wp\/v2\/product_tag?post=37464"}],"curies":[{"name":"wp","href":"https:\/\/api.w.org\/{rel}","templated":true}]}}