{"id":37460,"date":"2026-05-08T16:36:14","date_gmt":"2026-05-08T13:36:14","guid":{"rendered":"https:\/\/kervanmagazacilik.com\/?post_type=product&#038;p=37460"},"modified":"2026-05-08T16:36:14","modified_gmt":"2026-05-08T13:36:14","slug":"611apn000004","status":"publish","type":"product","link":"https:\/\/kervanmagazacilik.com\/index.php\/urun\/611apn000004\/","title":{"rendered":"611APN000004"},"content":{"rendered":"<p><strong>611APN000004<\/strong><\/p>\n<p>TAVUS KU\u015eLU YAN SEHPA &#8211; CAM \u00dcSTL\u00dc &#8211; 40,50*40,50*58 CM 44806<\/p>\n","protected":false},"excerpt":{"rendered":"<p>611APN000004 TAVUS KU\u015eLU YAN SEHPA &#8211; CAM \u00dcSTL\u00dc &#8211; 40,50*40,50*58 CM 44806<\/p>\n","protected":false},"featured_media":37461,"template":"","meta":[],"product_brand":[],"product_cat":[8308],"product_tag":[8312],"class_list":{"0":"post-37460","1":"product","2":"type-product","3":"status-publish","4":"has-post-thumbnail","6":"product_cat-611apn","7":"product_tag-611apn000004","9":"first","10":"instock","11":"taxable","12":"shipping-taxable","13":"product-type-simple"},"_links":{"self":[{"href":"https:\/\/kervanmagazacilik.com\/index.php\/wp-json\/wp\/v2\/product\/37460","targetHints":{"allow":["GET"]}}],"collection":[{"href":"https:\/\/kervanmagazacilik.com\/index.php\/wp-json\/wp\/v2\/product"}],"about":[{"href":"https:\/\/kervanmagazacilik.com\/index.php\/wp-json\/wp\/v2\/types\/product"}],"wp:featuredmedia":[{"embeddable":true,"href":"https:\/\/kervanmagazacilik.com\/index.php\/wp-json\/wp\/v2\/media\/37461"}],"wp:attachment":[{"href":"https:\/\/kervanmagazacilik.com\/index.php\/wp-json\/wp\/v2\/media?parent=37460"}],"wp:term":[{"taxonomy":"product_brand","embeddable":true,"href":"https:\/\/kervanmagazacilik.com\/index.php\/wp-json\/wp\/v2\/product_brand?post=37460"},{"taxonomy":"product_cat","embeddable":true,"href":"https:\/\/kervanmagazacilik.com\/index.php\/wp-json\/wp\/v2\/product_cat?post=37460"},{"taxonomy":"product_tag","embeddable":true,"href":"https:\/\/kervanmagazacilik.com\/index.php\/wp-json\/wp\/v2\/product_tag?post=37460"}],"curies":[{"name":"wp","href":"https:\/\/api.w.org\/{rel}","templated":true}]}}