{"id":37456,"date":"2026-05-08T16:30:32","date_gmt":"2026-05-08T13:30:32","guid":{"rendered":"https:\/\/kervanmagazacilik.com\/?post_type=product&#038;p=37456"},"modified":"2026-05-08T16:30:32","modified_gmt":"2026-05-08T13:30:32","slug":"611apn000002","status":"publish","type":"product","link":"https:\/\/kervanmagazacilik.com\/index.php\/urun\/611apn000002\/","title":{"rendered":"611APN000002"},"content":{"rendered":"<p><strong>611APN000002<\/strong><\/p>\n<p>TAVUS KU\u015eLU KONSOL &#8211; CAM \u00dcSTL\u00dc &#8211; 114*30*78,50 CM 45011<\/p>\n<p>&nbsp;<\/p>\n","protected":false},"excerpt":{"rendered":"<p>611APN000002 TAVUS KU\u015eLU KONSOL &#8211; CAM \u00dcSTL\u00dc &#8211; 114*30*78,50 CM 45011 &nbsp;<\/p>\n","protected":false},"featured_media":37458,"template":"","meta":[],"product_brand":[],"product_cat":[8308],"product_tag":[8310],"class_list":{"0":"post-37456","1":"product","2":"type-product","3":"status-publish","4":"has-post-thumbnail","6":"product_cat-611apn","7":"product_tag-611apn000002","9":"first","10":"instock","11":"taxable","12":"shipping-taxable","13":"product-type-simple"},"_links":{"self":[{"href":"https:\/\/kervanmagazacilik.com\/index.php\/wp-json\/wp\/v2\/product\/37456","targetHints":{"allow":["GET"]}}],"collection":[{"href":"https:\/\/kervanmagazacilik.com\/index.php\/wp-json\/wp\/v2\/product"}],"about":[{"href":"https:\/\/kervanmagazacilik.com\/index.php\/wp-json\/wp\/v2\/types\/product"}],"wp:featuredmedia":[{"embeddable":true,"href":"https:\/\/kervanmagazacilik.com\/index.php\/wp-json\/wp\/v2\/media\/37458"}],"wp:attachment":[{"href":"https:\/\/kervanmagazacilik.com\/index.php\/wp-json\/wp\/v2\/media?parent=37456"}],"wp:term":[{"taxonomy":"product_brand","embeddable":true,"href":"https:\/\/kervanmagazacilik.com\/index.php\/wp-json\/wp\/v2\/product_brand?post=37456"},{"taxonomy":"product_cat","embeddable":true,"href":"https:\/\/kervanmagazacilik.com\/index.php\/wp-json\/wp\/v2\/product_cat?post=37456"},{"taxonomy":"product_tag","embeddable":true,"href":"https:\/\/kervanmagazacilik.com\/index.php\/wp-json\/wp\/v2\/product_tag?post=37456"}],"curies":[{"name":"wp","href":"https:\/\/api.w.org\/{rel}","templated":true}]}}