{"id":37423,"date":"2026-05-08T11:13:59","date_gmt":"2026-05-08T08:13:59","guid":{"rendered":"https:\/\/kervanmagazacilik.com\/?post_type=product&#038;p=37423"},"modified":"2026-05-08T11:14:00","modified_gmt":"2026-05-08T08:14:00","slug":"150063001122","status":"publish","type":"product","link":"https:\/\/kervanmagazacilik.com\/index.php\/urun\/150063001122\/","title":{"rendered":"150063001122"},"content":{"rendered":"<p><strong>150063001122<\/strong><\/p>\n<p>M\u0130LLY K\u00dc\u00c7\u00dcK HURC 35X45X19<\/p>\n","protected":false},"excerpt":{"rendered":"<p>150063001122 M\u0130LLY K\u00dc\u00c7\u00dcK HURC 35X45X19<\/p>\n","protected":false},"featured_media":37425,"template":"","meta":[],"product_brand":[],"product_cat":[2150],"product_tag":[8298],"class_list":{"0":"post-37423","1":"product","2":"type-product","3":"status-publish","4":"has-post-thumbnail","6":"product_cat-2150","7":"product_tag-8298","9":"first","10":"instock","11":"taxable","12":"shipping-taxable","13":"product-type-simple"},"_links":{"self":[{"href":"https:\/\/kervanmagazacilik.com\/index.php\/wp-json\/wp\/v2\/product\/37423","targetHints":{"allow":["GET"]}}],"collection":[{"href":"https:\/\/kervanmagazacilik.com\/index.php\/wp-json\/wp\/v2\/product"}],"about":[{"href":"https:\/\/kervanmagazacilik.com\/index.php\/wp-json\/wp\/v2\/types\/product"}],"wp:featuredmedia":[{"embeddable":true,"href":"https:\/\/kervanmagazacilik.com\/index.php\/wp-json\/wp\/v2\/media\/37425"}],"wp:attachment":[{"href":"https:\/\/kervanmagazacilik.com\/index.php\/wp-json\/wp\/v2\/media?parent=37423"}],"wp:term":[{"taxonomy":"product_brand","embeddable":true,"href":"https:\/\/kervanmagazacilik.com\/index.php\/wp-json\/wp\/v2\/product_brand?post=37423"},{"taxonomy":"product_cat","embeddable":true,"href":"https:\/\/kervanmagazacilik.com\/index.php\/wp-json\/wp\/v2\/product_cat?post=37423"},{"taxonomy":"product_tag","embeddable":true,"href":"https:\/\/kervanmagazacilik.com\/index.php\/wp-json\/wp\/v2\/product_tag?post=37423"}],"curies":[{"name":"wp","href":"https:\/\/api.w.org\/{rel}","templated":true}]}}