{"id":37420,"date":"2026-05-08T10:32:00","date_gmt":"2026-05-08T07:32:00","guid":{"rendered":"https:\/\/kervanmagazacilik.com\/?post_type=product&#038;p=37420"},"modified":"2026-05-08T10:32:02","modified_gmt":"2026-05-08T07:32:02","slug":"150063001121","status":"publish","type":"product","link":"https:\/\/kervanmagazacilik.com\/index.php\/urun\/150063001121\/","title":{"rendered":"150063001121"},"content":{"rendered":"<p><strong>150063001121<\/strong><\/p>\n<p>M\u0130LLY B\u00dcY\u00dcK HURC 40X50X15<\/p>\n","protected":false},"excerpt":{"rendered":"<p>150063001121 M\u0130LLY B\u00dcY\u00dcK HURC 40X50X15<\/p>\n","protected":false},"featured_media":37421,"template":"","meta":[],"product_brand":[],"product_cat":[2150],"product_tag":[8297],"class_list":{"0":"post-37420","1":"product","2":"type-product","3":"status-publish","4":"has-post-thumbnail","6":"product_cat-2150","7":"product_tag-8297","9":"first","10":"instock","11":"taxable","12":"shipping-taxable","13":"product-type-simple"},"_links":{"self":[{"href":"https:\/\/kervanmagazacilik.com\/index.php\/wp-json\/wp\/v2\/product\/37420","targetHints":{"allow":["GET"]}}],"collection":[{"href":"https:\/\/kervanmagazacilik.com\/index.php\/wp-json\/wp\/v2\/product"}],"about":[{"href":"https:\/\/kervanmagazacilik.com\/index.php\/wp-json\/wp\/v2\/types\/product"}],"wp:featuredmedia":[{"embeddable":true,"href":"https:\/\/kervanmagazacilik.com\/index.php\/wp-json\/wp\/v2\/media\/37421"}],"wp:attachment":[{"href":"https:\/\/kervanmagazacilik.com\/index.php\/wp-json\/wp\/v2\/media?parent=37420"}],"wp:term":[{"taxonomy":"product_brand","embeddable":true,"href":"https:\/\/kervanmagazacilik.com\/index.php\/wp-json\/wp\/v2\/product_brand?post=37420"},{"taxonomy":"product_cat","embeddable":true,"href":"https:\/\/kervanmagazacilik.com\/index.php\/wp-json\/wp\/v2\/product_cat?post=37420"},{"taxonomy":"product_tag","embeddable":true,"href":"https:\/\/kervanmagazacilik.com\/index.php\/wp-json\/wp\/v2\/product_tag?post=37420"}],"curies":[{"name":"wp","href":"https:\/\/api.w.org\/{rel}","templated":true}]}}