{"id":37417,"date":"2026-05-08T10:00:40","date_gmt":"2026-05-08T07:00:40","guid":{"rendered":"https:\/\/kervanmagazacilik.com\/?post_type=product&#038;p=37417"},"modified":"2026-05-08T10:00:41","modified_gmt":"2026-05-08T07:00:41","slug":"150063001109","status":"publish","type":"product","link":"https:\/\/kervanmagazacilik.com\/index.php\/urun\/150063001109\/","title":{"rendered":"150063001109"},"content":{"rendered":"<p><strong>150063001109<\/strong><\/p>\n<p id=\"product-title\" class=\"col-10 pl-0\">ROSAL\u0130N SECCADE SETI 3 PRC ECRU<\/p>\n<div class=\"top-share-buttons position-relative\">Kuma\u015f, %100 polyester Sadece kuru temizleme yap\u0131lmal\u0131d\u0131r ALT GRUP: D\u0130\u011eER TEKST\u0130L \u00dcR\u00dcNLER\u0130 *T\u00dcLBENT*TESB\u0130H<br \/>\n% 100 POLYESTER<\/div>\n","protected":false},"excerpt":{"rendered":"<p>150063001109 ROSAL\u0130N SECCADE SETI 3 PRC ECRU Kuma\u015f, %100 polyester Sadece kuru temizleme yap\u0131lmal\u0131d\u0131r ALT GRUP: D\u0130\u011eER TEKST\u0130L \u00dcR\u00dcNLER\u0130 *T\u00dcLBENT*TESB\u0130H % 100 POLYESTER<\/p>\n","protected":false},"featured_media":37419,"template":"","meta":[],"product_brand":[],"product_cat":[2150],"product_tag":[8296],"class_list":{"0":"post-37417","1":"product","2":"type-product","3":"status-publish","4":"has-post-thumbnail","6":"product_cat-2150","7":"product_tag-8296","9":"first","10":"instock","11":"taxable","12":"shipping-taxable","13":"product-type-simple"},"_links":{"self":[{"href":"https:\/\/kervanmagazacilik.com\/index.php\/wp-json\/wp\/v2\/product\/37417","targetHints":{"allow":["GET"]}}],"collection":[{"href":"https:\/\/kervanmagazacilik.com\/index.php\/wp-json\/wp\/v2\/product"}],"about":[{"href":"https:\/\/kervanmagazacilik.com\/index.php\/wp-json\/wp\/v2\/types\/product"}],"wp:featuredmedia":[{"embeddable":true,"href":"https:\/\/kervanmagazacilik.com\/index.php\/wp-json\/wp\/v2\/media\/37419"}],"wp:attachment":[{"href":"https:\/\/kervanmagazacilik.com\/index.php\/wp-json\/wp\/v2\/media?parent=37417"}],"wp:term":[{"taxonomy":"product_brand","embeddable":true,"href":"https:\/\/kervanmagazacilik.com\/index.php\/wp-json\/wp\/v2\/product_brand?post=37417"},{"taxonomy":"product_cat","embeddable":true,"href":"https:\/\/kervanmagazacilik.com\/index.php\/wp-json\/wp\/v2\/product_cat?post=37417"},{"taxonomy":"product_tag","embeddable":true,"href":"https:\/\/kervanmagazacilik.com\/index.php\/wp-json\/wp\/v2\/product_tag?post=37417"}],"curies":[{"name":"wp","href":"https:\/\/api.w.org\/{rel}","templated":true}]}}