{"id":37413,"date":"2026-05-06T17:26:59","date_gmt":"2026-05-06T14:26:59","guid":{"rendered":"https:\/\/kervanmagazacilik.com\/?post_type=product&#038;p=37413"},"modified":"2026-05-06T17:27:00","modified_gmt":"2026-05-06T14:27:00","slug":"241hsh001718-2","status":"publish","type":"product","link":"https:\/\/kervanmagazacilik.com\/index.php\/urun\/241hsh001718-2\/","title":{"rendered":"241HSH001718"},"content":{"rendered":"<p><strong>241HSH001718<\/strong><\/p>\n<p id=\"product-title\" class=\"col-10 pl-0\">MAGNOLIA 140X140 MASA ORTUSU ECRU<\/p>\n<p>30 derece narin y\u0131kama \u00c7ama\u015f\u0131r suyu konmaz Kurutma makinesinde kurutulamaz D\u00fc\u015f\u00fck \u0131s\u0131da \u00fct\u00fclenmelidir %90 Polyester %10 Keten<br \/>\n%90 polyester %10 keten<\/p>\n","protected":false},"excerpt":{"rendered":"<p>241HSH001718 MAGNOLIA 140X140 MASA ORTUSU ECRU 30 derece narin y\u0131kama \u00c7ama\u015f\u0131r suyu konmaz Kurutma makinesinde kurutulamaz D\u00fc\u015f\u00fck \u0131s\u0131da \u00fct\u00fclenmelidir %90 Polyester %10 Keten %90 polyester %10 keten<\/p>\n","protected":false},"featured_media":37414,"template":"","meta":[],"product_brand":[],"product_cat":[2922],"product_tag":[8290],"class_list":{"0":"post-37413","1":"product","2":"type-product","3":"status-publish","4":"has-post-thumbnail","6":"product_cat-241hsh","7":"product_tag-241hsh001718","9":"first","10":"instock","11":"taxable","12":"shipping-taxable","13":"product-type-simple"},"_links":{"self":[{"href":"https:\/\/kervanmagazacilik.com\/index.php\/wp-json\/wp\/v2\/product\/37413","targetHints":{"allow":["GET"]}}],"collection":[{"href":"https:\/\/kervanmagazacilik.com\/index.php\/wp-json\/wp\/v2\/product"}],"about":[{"href":"https:\/\/kervanmagazacilik.com\/index.php\/wp-json\/wp\/v2\/types\/product"}],"wp:featuredmedia":[{"embeddable":true,"href":"https:\/\/kervanmagazacilik.com\/index.php\/wp-json\/wp\/v2\/media\/37414"}],"wp:attachment":[{"href":"https:\/\/kervanmagazacilik.com\/index.php\/wp-json\/wp\/v2\/media?parent=37413"}],"wp:term":[{"taxonomy":"product_brand","embeddable":true,"href":"https:\/\/kervanmagazacilik.com\/index.php\/wp-json\/wp\/v2\/product_brand?post=37413"},{"taxonomy":"product_cat","embeddable":true,"href":"https:\/\/kervanmagazacilik.com\/index.php\/wp-json\/wp\/v2\/product_cat?post=37413"},{"taxonomy":"product_tag","embeddable":true,"href":"https:\/\/kervanmagazacilik.com\/index.php\/wp-json\/wp\/v2\/product_tag?post=37413"}],"curies":[{"name":"wp","href":"https:\/\/api.w.org\/{rel}","templated":true}]}}