{"id":37402,"date":"2026-05-06T17:14:12","date_gmt":"2026-05-06T14:14:12","guid":{"rendered":"https:\/\/kervanmagazacilik.com\/?post_type=product&#038;p=37402"},"modified":"2026-05-06T17:14:13","modified_gmt":"2026-05-06T14:14:13","slug":"150hsh000976","status":"publish","type":"product","link":"https:\/\/kervanmagazacilik.com\/index.php\/urun\/150hsh000976\/","title":{"rendered":"150HSH000976"},"content":{"rendered":"<p><strong>150HSH000976<\/strong><\/p>\n<p>OL\u0130KA SECCADE SETI 75&#215;125 2 PRC KAHVE<\/p>\n<p>Kuma\u015f, %100 polyester Sadece kuru temizleme yap\u0131lmal\u0131d\u0131r ALT GRUP: D\u0130\u011eER TEKST\u0130L \u00dcR\u00dcNLER\u0130 SECCADE: 75X125 CM TESB\u0130H: 1 ADET<br \/>\n% 100 POLYESTER<\/p>\n","protected":false},"excerpt":{"rendered":"<p>150HSH000976 OL\u0130KA SECCADE SETI 75&#215;125 2 PRC KAHVE Kuma\u015f, %100 polyester Sadece kuru temizleme yap\u0131lmal\u0131d\u0131r ALT GRUP: D\u0130\u011eER TEKST\u0130L \u00dcR\u00dcNLER\u0130 SECCADE: 75X125 CM TESB\u0130H: 1 ADET % 100 POLYESTER<\/p>\n","protected":false},"featured_media":37404,"template":"","meta":[],"product_brand":[],"product_cat":[164],"product_tag":[8292],"class_list":{"0":"post-37402","1":"product","2":"type-product","3":"status-publish","4":"has-post-thumbnail","6":"product_cat-150hsh","7":"product_tag-150hsh000976","9":"first","10":"instock","11":"taxable","12":"shipping-taxable","13":"product-type-simple"},"_links":{"self":[{"href":"https:\/\/kervanmagazacilik.com\/index.php\/wp-json\/wp\/v2\/product\/37402","targetHints":{"allow":["GET"]}}],"collection":[{"href":"https:\/\/kervanmagazacilik.com\/index.php\/wp-json\/wp\/v2\/product"}],"about":[{"href":"https:\/\/kervanmagazacilik.com\/index.php\/wp-json\/wp\/v2\/types\/product"}],"wp:featuredmedia":[{"embeddable":true,"href":"https:\/\/kervanmagazacilik.com\/index.php\/wp-json\/wp\/v2\/media\/37404"}],"wp:attachment":[{"href":"https:\/\/kervanmagazacilik.com\/index.php\/wp-json\/wp\/v2\/media?parent=37402"}],"wp:term":[{"taxonomy":"product_brand","embeddable":true,"href":"https:\/\/kervanmagazacilik.com\/index.php\/wp-json\/wp\/v2\/product_brand?post=37402"},{"taxonomy":"product_cat","embeddable":true,"href":"https:\/\/kervanmagazacilik.com\/index.php\/wp-json\/wp\/v2\/product_cat?post=37402"},{"taxonomy":"product_tag","embeddable":true,"href":"https:\/\/kervanmagazacilik.com\/index.php\/wp-json\/wp\/v2\/product_tag?post=37402"}],"curies":[{"name":"wp","href":"https:\/\/api.w.org\/{rel}","templated":true}]}}