{"id":37393,"date":"2026-05-05T14:34:25","date_gmt":"2026-05-05T11:34:25","guid":{"rendered":"https:\/\/kervanmagazacilik.com\/?post_type=product&#038;p=37393"},"modified":"2026-05-05T14:34:25","modified_gmt":"2026-05-05T11:34:25","slug":"611cos000013","status":"publish","type":"product","link":"https:\/\/kervanmagazacilik.com\/index.php\/urun\/611cos000013\/","title":{"rendered":"611COS000013"},"content":{"rendered":"<p>611COS000013<\/p>\n<p>CS276 VERO F\u0130SKOS SET 2 SANDALYE+SEHPA 82x82x70-50x50x50cm<\/p>\n<p>\u00c7elik iskelet KD, B\u00fck\u00fcml\u00fc has\u0131r, Tik a\u011fac\u0131, 200 g\/m\u00b2 olefin kuma\u015f, D20 yast\u0131k<\/p>\n<p>Sandalye: 86 x 82 x 70 cm<br \/>\nSehpa: 50 x 50 x 50 cm<\/p>\n","protected":false},"excerpt":{"rendered":"<p>611COS000013 CS276 VERO F\u0130SKOS SET 2 SANDALYE+SEHPA 82x82x70-50x50x50cm \u00c7elik iskelet KD, B\u00fck\u00fcml\u00fc has\u0131r, Tik a\u011fac\u0131, 200 g\/m\u00b2 olefin kuma\u015f, D20 yast\u0131k Sandalye: 86 x 82 x 70 cm Sehpa: 50 x 50 x 50 cm<\/p>\n","protected":false},"featured_media":37394,"template":"","meta":[],"product_brand":[],"product_cat":[6242],"product_tag":[8289],"class_list":{"0":"post-37393","1":"product","2":"type-product","3":"status-publish","4":"has-post-thumbnail","6":"product_cat-611cos","7":"product_tag-611cos000013","9":"first","10":"instock","11":"taxable","12":"shipping-taxable","13":"product-type-simple"},"_links":{"self":[{"href":"https:\/\/kervanmagazacilik.com\/index.php\/wp-json\/wp\/v2\/product\/37393","targetHints":{"allow":["GET"]}}],"collection":[{"href":"https:\/\/kervanmagazacilik.com\/index.php\/wp-json\/wp\/v2\/product"}],"about":[{"href":"https:\/\/kervanmagazacilik.com\/index.php\/wp-json\/wp\/v2\/types\/product"}],"wp:featuredmedia":[{"embeddable":true,"href":"https:\/\/kervanmagazacilik.com\/index.php\/wp-json\/wp\/v2\/media\/37394"}],"wp:attachment":[{"href":"https:\/\/kervanmagazacilik.com\/index.php\/wp-json\/wp\/v2\/media?parent=37393"}],"wp:term":[{"taxonomy":"product_brand","embeddable":true,"href":"https:\/\/kervanmagazacilik.com\/index.php\/wp-json\/wp\/v2\/product_brand?post=37393"},{"taxonomy":"product_cat","embeddable":true,"href":"https:\/\/kervanmagazacilik.com\/index.php\/wp-json\/wp\/v2\/product_cat?post=37393"},{"taxonomy":"product_tag","embeddable":true,"href":"https:\/\/kervanmagazacilik.com\/index.php\/wp-json\/wp\/v2\/product_tag?post=37393"}],"curies":[{"name":"wp","href":"https:\/\/api.w.org\/{rel}","templated":true}]}}