{"id":37389,"date":"2026-05-05T14:33:20","date_gmt":"2026-05-05T11:33:20","guid":{"rendered":"https:\/\/kervanmagazacilik.com\/?post_type=product&#038;p=37389"},"modified":"2026-05-05T14:33:20","modified_gmt":"2026-05-05T11:33:20","slug":"611cos000012","status":"publish","type":"product","link":"https:\/\/kervanmagazacilik.com\/index.php\/urun\/611cos000012\/","title":{"rendered":"611COS000012"},"content":{"rendered":"<p>611COS000012<\/p>\n<p>CS261 VERO K\u00d6\u015eE TAKIM + SEHPA<\/p>\n<p>\u00c7elik iskelet, B\u00fck\u00fcml\u00fc has\u0131r, 200 g\/m\u00b2 olefin kuma\u015f, D20, Tik a\u011fac\u0131<\/p>\n<p>2 ki\u015filik bank: 151 x 83 x 65 cm<br \/>\n3 ki\u015filik bank: 213 x 83 x 65 cm<br \/>\n1 adet Sehpa : 78 x 78 x 43 cm<\/p>\n","protected":false},"excerpt":{"rendered":"<p>611COS000012 CS261 VERO K\u00d6\u015eE TAKIM + SEHPA \u00c7elik iskelet, B\u00fck\u00fcml\u00fc has\u0131r, 200 g\/m\u00b2 olefin kuma\u015f, D20, Tik a\u011fac\u0131 2 ki\u015filik bank: 151 x 83 x 65 cm 3 ki\u015filik bank: 213 x 83 x 65 cm 1 adet Sehpa : 78 x 78 x 43 cm<\/p>\n","protected":false},"featured_media":37392,"template":"","meta":[],"product_brand":[],"product_cat":[6242],"product_tag":[8288],"class_list":{"0":"post-37389","1":"product","2":"type-product","3":"status-publish","4":"has-post-thumbnail","6":"product_cat-611cos","7":"product_tag-611cos000012","9":"first","10":"instock","11":"taxable","12":"shipping-taxable","13":"product-type-simple"},"_links":{"self":[{"href":"https:\/\/kervanmagazacilik.com\/index.php\/wp-json\/wp\/v2\/product\/37389","targetHints":{"allow":["GET"]}}],"collection":[{"href":"https:\/\/kervanmagazacilik.com\/index.php\/wp-json\/wp\/v2\/product"}],"about":[{"href":"https:\/\/kervanmagazacilik.com\/index.php\/wp-json\/wp\/v2\/types\/product"}],"wp:featuredmedia":[{"embeddable":true,"href":"https:\/\/kervanmagazacilik.com\/index.php\/wp-json\/wp\/v2\/media\/37392"}],"wp:attachment":[{"href":"https:\/\/kervanmagazacilik.com\/index.php\/wp-json\/wp\/v2\/media?parent=37389"}],"wp:term":[{"taxonomy":"product_brand","embeddable":true,"href":"https:\/\/kervanmagazacilik.com\/index.php\/wp-json\/wp\/v2\/product_brand?post=37389"},{"taxonomy":"product_cat","embeddable":true,"href":"https:\/\/kervanmagazacilik.com\/index.php\/wp-json\/wp\/v2\/product_cat?post=37389"},{"taxonomy":"product_tag","embeddable":true,"href":"https:\/\/kervanmagazacilik.com\/index.php\/wp-json\/wp\/v2\/product_tag?post=37389"}],"curies":[{"name":"wp","href":"https:\/\/api.w.org\/{rel}","templated":true}]}}