{"id":37382,"date":"2026-05-05T11:13:59","date_gmt":"2026-05-05T08:13:59","guid":{"rendered":"https:\/\/kervanmagazacilik.com\/?post_type=product&#038;p=37382"},"modified":"2026-05-05T11:14:00","modified_gmt":"2026-05-05T08:14:00","slug":"241hsh001717","status":"publish","type":"product","link":"https:\/\/kervanmagazacilik.com\/index.php\/urun\/241hsh001717\/","title":{"rendered":"241HSH001717"},"content":{"rendered":"<p><strong>241HSH001717<\/strong><\/p>\n<p>MAGNOLIA 160X240 MASA ORTUSU ECRU<\/p>\n<p>30 derece narin y\u0131kama \u00c7ama\u015f\u0131r suyu konmaz Kurutma makinesinde kurutulamaz D\u00fc\u015f\u00fck \u0131s\u0131da \u00fct\u00fclenmelidir<\/p>\n<p>%90 Polyester %10 Keten<\/p>\n","protected":false},"excerpt":{"rendered":"<p>241HSH001717 MAGNOLIA 160X240 MASA ORTUSU ECRU 30 derece narin y\u0131kama \u00c7ama\u015f\u0131r suyu konmaz Kurutma makinesinde kurutulamaz D\u00fc\u015f\u00fck \u0131s\u0131da \u00fct\u00fclenmelidir %90 Polyester %10 Keten<\/p>\n","protected":false},"featured_media":37387,"template":"","meta":[],"product_brand":[],"product_cat":[2922],"product_tag":[8286],"class_list":{"0":"post-37382","1":"product","2":"type-product","3":"status-publish","4":"has-post-thumbnail","6":"product_cat-241hsh","7":"product_tag-241hsh001717","9":"first","10":"instock","11":"taxable","12":"shipping-taxable","13":"product-type-simple"},"_links":{"self":[{"href":"https:\/\/kervanmagazacilik.com\/index.php\/wp-json\/wp\/v2\/product\/37382","targetHints":{"allow":["GET"]}}],"collection":[{"href":"https:\/\/kervanmagazacilik.com\/index.php\/wp-json\/wp\/v2\/product"}],"about":[{"href":"https:\/\/kervanmagazacilik.com\/index.php\/wp-json\/wp\/v2\/types\/product"}],"wp:featuredmedia":[{"embeddable":true,"href":"https:\/\/kervanmagazacilik.com\/index.php\/wp-json\/wp\/v2\/media\/37387"}],"wp:attachment":[{"href":"https:\/\/kervanmagazacilik.com\/index.php\/wp-json\/wp\/v2\/media?parent=37382"}],"wp:term":[{"taxonomy":"product_brand","embeddable":true,"href":"https:\/\/kervanmagazacilik.com\/index.php\/wp-json\/wp\/v2\/product_brand?post=37382"},{"taxonomy":"product_cat","embeddable":true,"href":"https:\/\/kervanmagazacilik.com\/index.php\/wp-json\/wp\/v2\/product_cat?post=37382"},{"taxonomy":"product_tag","embeddable":true,"href":"https:\/\/kervanmagazacilik.com\/index.php\/wp-json\/wp\/v2\/product_tag?post=37382"}],"curies":[{"name":"wp","href":"https:\/\/api.w.org\/{rel}","templated":true}]}}