{"id":37363,"date":"2026-05-05T10:43:33","date_gmt":"2026-05-05T07:43:33","guid":{"rendered":"https:\/\/kervanmagazacilik.com\/?post_type=product&#038;p=37363"},"modified":"2026-05-05T10:43:35","modified_gmt":"2026-05-05T07:43:35","slug":"150063001125","status":"publish","type":"product","link":"https:\/\/kervanmagazacilik.com\/index.php\/urun\/150063001125\/","title":{"rendered":"150063001125"},"content":{"rendered":"<p><strong>150063001125<\/strong><\/p>\n<p>CAR\u0130NA TEPS\u0130L\u0130 SET 21&#215;29 cm PEMBE<\/p>\n<p>\u00d6l\u00e7\u00fcler +\/- 2 cm de\u011fi\u015fkenlik g\u00f6sterebilir. Tepsi, kuru bez ile toz al\u0131nmal\u0131d\u0131r. Cam \u00fcr\u00fcnler, yumu\u015fak s\u00fcnger yard\u0131m\u0131yla,nazik\u00e7e elle y\u0131kanmal\u0131d\u0131r. Tepsi \u00f6l\u00e7\u00fcs\u00fc: 21&#215;29 cm. Fincan, 90 ml&#8217;dir. Kahve yan\u0131 su barda\u011f\u0131, 120 cc&#8217;dir. \u0130\u00e7erik; 1 adet tepsi + 1 adet t\u00fcrk kahve fincan\u0131 + 1 adet t\u00fcrk kahve fincan taba\u011f\u0131 + 1 adet kahve yan\u0131 su barda\u011f\u0131 + 1 adet kapakl\u0131 \u015fekerlik<\/p>\n","protected":false},"excerpt":{"rendered":"<p>150063001125 CAR\u0130NA TEPS\u0130L\u0130 SET 21&#215;29 cm PEMBE \u00d6l\u00e7\u00fcler +\/- 2 cm de\u011fi\u015fkenlik g\u00f6sterebilir. Tepsi, kuru bez ile toz al\u0131nmal\u0131d\u0131r. Cam \u00fcr\u00fcnler, yumu\u015fak s\u00fcnger yard\u0131m\u0131yla,nazik\u00e7e elle y\u0131kanmal\u0131d\u0131r. Tepsi \u00f6l\u00e7\u00fcs\u00fc: 21&#215;29 cm. Fincan, 90 ml&#8217;dir. Kahve yan\u0131 su barda\u011f\u0131, 120 cc&#8217;dir. \u0130\u00e7erik; 1 adet tepsi + 1 adet t\u00fcrk kahve fincan\u0131 + 1 adet t\u00fcrk kahve fincan [&hellip;]<\/p>\n","protected":false},"featured_media":37366,"template":"","meta":[],"product_brand":[],"product_cat":[2150],"product_tag":[8281],"class_list":{"0":"post-37363","1":"product","2":"type-product","3":"status-publish","4":"has-post-thumbnail","6":"product_cat-2150","7":"product_tag-8281","9":"first","10":"instock","11":"taxable","12":"shipping-taxable","13":"product-type-simple"},"_links":{"self":[{"href":"https:\/\/kervanmagazacilik.com\/index.php\/wp-json\/wp\/v2\/product\/37363","targetHints":{"allow":["GET"]}}],"collection":[{"href":"https:\/\/kervanmagazacilik.com\/index.php\/wp-json\/wp\/v2\/product"}],"about":[{"href":"https:\/\/kervanmagazacilik.com\/index.php\/wp-json\/wp\/v2\/types\/product"}],"wp:featuredmedia":[{"embeddable":true,"href":"https:\/\/kervanmagazacilik.com\/index.php\/wp-json\/wp\/v2\/media\/37366"}],"wp:attachment":[{"href":"https:\/\/kervanmagazacilik.com\/index.php\/wp-json\/wp\/v2\/media?parent=37363"}],"wp:term":[{"taxonomy":"product_brand","embeddable":true,"href":"https:\/\/kervanmagazacilik.com\/index.php\/wp-json\/wp\/v2\/product_brand?post=37363"},{"taxonomy":"product_cat","embeddable":true,"href":"https:\/\/kervanmagazacilik.com\/index.php\/wp-json\/wp\/v2\/product_cat?post=37363"},{"taxonomy":"product_tag","embeddable":true,"href":"https:\/\/kervanmagazacilik.com\/index.php\/wp-json\/wp\/v2\/product_tag?post=37363"}],"curies":[{"name":"wp","href":"https:\/\/api.w.org\/{rel}","templated":true}]}}