{"id":37360,"date":"2026-05-05T10:33:49","date_gmt":"2026-05-05T07:33:49","guid":{"rendered":"https:\/\/kervanmagazacilik.com\/?post_type=product&#038;p=37360"},"modified":"2026-05-05T10:33:53","modified_gmt":"2026-05-05T07:33:53","slug":"900arj000298","status":"publish","type":"product","link":"https:\/\/kervanmagazacilik.com\/index.php\/urun\/900arj000298\/","title":{"rendered":"900ARJ000298"},"content":{"rendered":"<p><strong>900ARJ000298<\/strong><\/p>\n<p>LAVINIA ARANJMAN 25X30 CM<\/p>\n<p>\u00d6l\u00e7\u00fcler +\/- 3 cm de\u011fi\u015fkenlik g\u00f6sterebilir. Hafif nemli bezle silinebilir.<\/p>\n","protected":false},"excerpt":{"rendered":"<p>900ARJ000298 LAVINIA ARANJMAN 25X30 CM \u00d6l\u00e7\u00fcler +\/- 3 cm de\u011fi\u015fkenlik g\u00f6sterebilir. Hafif nemli bezle silinebilir.<\/p>\n","protected":false},"featured_media":0,"template":"","meta":[],"product_brand":[],"product_cat":[280],"product_tag":[8279],"class_list":{"0":"post-37360","1":"product","2":"type-product","3":"status-publish","5":"product_cat-900arj","6":"product_tag-900arj000298","8":"first","9":"instock","10":"taxable","11":"shipping-taxable","12":"product-type-simple"},"_links":{"self":[{"href":"https:\/\/kervanmagazacilik.com\/index.php\/wp-json\/wp\/v2\/product\/37360","targetHints":{"allow":["GET"]}}],"collection":[{"href":"https:\/\/kervanmagazacilik.com\/index.php\/wp-json\/wp\/v2\/product"}],"about":[{"href":"https:\/\/kervanmagazacilik.com\/index.php\/wp-json\/wp\/v2\/types\/product"}],"wp:attachment":[{"href":"https:\/\/kervanmagazacilik.com\/index.php\/wp-json\/wp\/v2\/media?parent=37360"}],"wp:term":[{"taxonomy":"product_brand","embeddable":true,"href":"https:\/\/kervanmagazacilik.com\/index.php\/wp-json\/wp\/v2\/product_brand?post=37360"},{"taxonomy":"product_cat","embeddable":true,"href":"https:\/\/kervanmagazacilik.com\/index.php\/wp-json\/wp\/v2\/product_cat?post=37360"},{"taxonomy":"product_tag","embeddable":true,"href":"https:\/\/kervanmagazacilik.com\/index.php\/wp-json\/wp\/v2\/product_tag?post=37360"}],"curies":[{"name":"wp","href":"https:\/\/api.w.org\/{rel}","templated":true}]}}