{"id":37207,"date":"2026-04-28T10:34:58","date_gmt":"2026-04-28T07:34:58","guid":{"rendered":"https:\/\/kervanmagazacilik.com\/?post_type=product&#038;p=37207"},"modified":"2026-04-28T10:34:59","modified_gmt":"2026-04-28T07:34:59","slug":"042hsh000388","status":"publish","type":"product","link":"https:\/\/kervanmagazacilik.com\/index.php\/urun\/042hsh000388\/","title":{"rendered":"042HSH000388"},"content":{"rendered":"<p><strong>042HSH000388<\/strong><\/p>\n<p>BONESSA P\u0130KE TAKIMI 240X260 CK 3 PRC KREM<\/p>\n<div>Kuma\u015f, %100 Pamuk<\/div>\n<div>Aksesuar, %100 Polyester<\/div>\n<div>30 derece narin y\u0131kama yap\u0131lmal\u0131d\u0131r veya elde y\u0131kanmal\u0131d\u0131r<\/div>\n<div>\u00c7ama\u015f\u0131r suyu konamaz<\/div>\n<div>Asarak de\u011fil, sererek kurutulmal\u0131d\u0131r<\/div>\n<div>Kurutma makinesinde kurutulamaz<\/div>\n<div>\u00dct\u00fc yap\u0131lamaz<\/div>\n<div>Pamuklu \u00fcr\u00fcn oldu\u011fu i\u00e7in zamanla kullan\u0131mdan\u00a0 dolay\u0131 pamuklanma olabilir<\/div>\n<div>ALT GRUP: YATAK ODASI TEKST\u0130L\u0130<\/div>\n<div><\/div>\n<div>P\u0130KE: 240X260 CM<\/div>\n<div>YASTIK: 50X70 CM (2 ADET)<\/div>\n<div><\/div>\n","protected":false},"excerpt":{"rendered":"<p>042HSH000388 BONESSA P\u0130KE TAKIMI 240X260 CK 3 PRC KREM Kuma\u015f, %100 Pamuk Aksesuar, %100 Polyester 30 derece narin y\u0131kama yap\u0131lmal\u0131d\u0131r veya elde y\u0131kanmal\u0131d\u0131r \u00c7ama\u015f\u0131r suyu konamaz Asarak de\u011fil, sererek kurutulmal\u0131d\u0131r Kurutma makinesinde kurutulamaz \u00dct\u00fc yap\u0131lamaz Pamuklu \u00fcr\u00fcn oldu\u011fu i\u00e7in zamanla kullan\u0131mdan\u00a0 dolay\u0131 pamuklanma olabilir ALT GRUP: YATAK ODASI TEKST\u0130L\u0130 P\u0130KE: 240X260 CM YASTIK: 50X70 CM [&hellip;]<\/p>\n","protected":false},"featured_media":37209,"template":"","meta":[],"product_brand":[],"product_cat":[2493],"product_tag":[8220],"class_list":{"0":"post-37207","1":"product","2":"type-product","3":"status-publish","4":"has-post-thumbnail","6":"product_cat-042hsh","7":"product_tag-042hsh000388","9":"first","10":"instock","11":"taxable","12":"shipping-taxable","13":"product-type-simple"},"_links":{"self":[{"href":"https:\/\/kervanmagazacilik.com\/index.php\/wp-json\/wp\/v2\/product\/37207","targetHints":{"allow":["GET"]}}],"collection":[{"href":"https:\/\/kervanmagazacilik.com\/index.php\/wp-json\/wp\/v2\/product"}],"about":[{"href":"https:\/\/kervanmagazacilik.com\/index.php\/wp-json\/wp\/v2\/types\/product"}],"wp:featuredmedia":[{"embeddable":true,"href":"https:\/\/kervanmagazacilik.com\/index.php\/wp-json\/wp\/v2\/media\/37209"}],"wp:attachment":[{"href":"https:\/\/kervanmagazacilik.com\/index.php\/wp-json\/wp\/v2\/media?parent=37207"}],"wp:term":[{"taxonomy":"product_brand","embeddable":true,"href":"https:\/\/kervanmagazacilik.com\/index.php\/wp-json\/wp\/v2\/product_brand?post=37207"},{"taxonomy":"product_cat","embeddable":true,"href":"https:\/\/kervanmagazacilik.com\/index.php\/wp-json\/wp\/v2\/product_cat?post=37207"},{"taxonomy":"product_tag","embeddable":true,"href":"https:\/\/kervanmagazacilik.com\/index.php\/wp-json\/wp\/v2\/product_tag?post=37207"}],"curies":[{"name":"wp","href":"https:\/\/api.w.org\/{rel}","templated":true}]}}