{"id":37183,"date":"2026-04-22T17:34:06","date_gmt":"2026-04-22T14:34:06","guid":{"rendered":"https:\/\/kervanmagazacilik.com\/?post_type=product&#038;p=37183"},"modified":"2026-04-22T17:34:06","modified_gmt":"2026-04-22T14:34:06","slug":"673lia000063","status":"publish","type":"product","link":"https:\/\/kervanmagazacilik.com\/index.php\/urun\/673lia000063\/","title":{"rendered":"673LIA000063"},"content":{"rendered":"<p><strong>673LIA000063<\/strong><\/p>\n<p>T\u00dcRK KAHVES\u0130 F\u0130NCAN TAKIMI 6&#8217;LI RENKL\u0130 90cc ( 1584Y\/B\/R\/OR\/G\/W )<\/p>\n<p>Elde y\u0131kamaya uygundur.<\/p>\n","protected":false},"excerpt":{"rendered":"<p>673LIA000063 T\u00dcRK KAHVES\u0130 F\u0130NCAN TAKIMI 6&#8217;LI RENKL\u0130 90cc ( 1584Y\/B\/R\/OR\/G\/W ) Elde y\u0131kamaya uygundur.<\/p>\n","protected":false},"featured_media":37186,"template":"","meta":[],"product_brand":[],"product_cat":[172],"product_tag":[8211],"class_list":{"0":"post-37183","1":"product","2":"type-product","3":"status-publish","4":"has-post-thumbnail","6":"product_cat-673lia","7":"product_tag-673lia000063","9":"first","10":"instock","11":"taxable","12":"shipping-taxable","13":"product-type-simple"},"_links":{"self":[{"href":"https:\/\/kervanmagazacilik.com\/index.php\/wp-json\/wp\/v2\/product\/37183","targetHints":{"allow":["GET"]}}],"collection":[{"href":"https:\/\/kervanmagazacilik.com\/index.php\/wp-json\/wp\/v2\/product"}],"about":[{"href":"https:\/\/kervanmagazacilik.com\/index.php\/wp-json\/wp\/v2\/types\/product"}],"wp:featuredmedia":[{"embeddable":true,"href":"https:\/\/kervanmagazacilik.com\/index.php\/wp-json\/wp\/v2\/media\/37186"}],"wp:attachment":[{"href":"https:\/\/kervanmagazacilik.com\/index.php\/wp-json\/wp\/v2\/media?parent=37183"}],"wp:term":[{"taxonomy":"product_brand","embeddable":true,"href":"https:\/\/kervanmagazacilik.com\/index.php\/wp-json\/wp\/v2\/product_brand?post=37183"},{"taxonomy":"product_cat","embeddable":true,"href":"https:\/\/kervanmagazacilik.com\/index.php\/wp-json\/wp\/v2\/product_cat?post=37183"},{"taxonomy":"product_tag","embeddable":true,"href":"https:\/\/kervanmagazacilik.com\/index.php\/wp-json\/wp\/v2\/product_tag?post=37183"}],"curies":[{"name":"wp","href":"https:\/\/api.w.org\/{rel}","templated":true}]}}