{"id":37181,"date":"2026-04-22T17:32:27","date_gmt":"2026-04-22T14:32:27","guid":{"rendered":"https:\/\/kervanmagazacilik.com\/?post_type=product&#038;p=37181"},"modified":"2026-04-22T17:45:19","modified_gmt":"2026-04-22T14:45:19","slug":"673lia000061","status":"publish","type":"product","link":"https:\/\/kervanmagazacilik.com\/index.php\/urun\/673lia000061\/","title":{"rendered":"673LIA000061"},"content":{"rendered":"<p><strong>673LIA000061<\/strong><\/p>\n<p>T\u00dcRK KAHVES\u0130 F\u0130NCAN TAKIMI 6&#8217;LI 90cc ( L2800-27XJZ )<\/p>\n<p>Elde y\u0131kamaya uygundur.<\/p>\n","protected":false},"excerpt":{"rendered":"<p>673LIA000061 T\u00dcRK KAHVES\u0130 F\u0130NCAN TAKIMI 6&#8217;LI 90cc ( L2800-27XJZ ) Elde y\u0131kamaya uygundur.<\/p>\n","protected":false},"featured_media":37188,"template":"","meta":[],"product_brand":[],"product_cat":[172],"product_tag":[8209],"class_list":{"0":"post-37181","1":"product","2":"type-product","3":"status-publish","4":"has-post-thumbnail","6":"product_cat-673lia","7":"product_tag-673lia000061","9":"first","10":"instock","11":"taxable","12":"shipping-taxable","13":"product-type-simple"},"_links":{"self":[{"href":"https:\/\/kervanmagazacilik.com\/index.php\/wp-json\/wp\/v2\/product\/37181","targetHints":{"allow":["GET"]}}],"collection":[{"href":"https:\/\/kervanmagazacilik.com\/index.php\/wp-json\/wp\/v2\/product"}],"about":[{"href":"https:\/\/kervanmagazacilik.com\/index.php\/wp-json\/wp\/v2\/types\/product"}],"wp:featuredmedia":[{"embeddable":true,"href":"https:\/\/kervanmagazacilik.com\/index.php\/wp-json\/wp\/v2\/media\/37188"}],"wp:attachment":[{"href":"https:\/\/kervanmagazacilik.com\/index.php\/wp-json\/wp\/v2\/media?parent=37181"}],"wp:term":[{"taxonomy":"product_brand","embeddable":true,"href":"https:\/\/kervanmagazacilik.com\/index.php\/wp-json\/wp\/v2\/product_brand?post=37181"},{"taxonomy":"product_cat","embeddable":true,"href":"https:\/\/kervanmagazacilik.com\/index.php\/wp-json\/wp\/v2\/product_cat?post=37181"},{"taxonomy":"product_tag","embeddable":true,"href":"https:\/\/kervanmagazacilik.com\/index.php\/wp-json\/wp\/v2\/product_tag?post=37181"}],"curies":[{"name":"wp","href":"https:\/\/api.w.org\/{rel}","templated":true}]}}