{"id":37177,"date":"2026-04-22T16:48:18","date_gmt":"2026-04-22T13:48:18","guid":{"rendered":"https:\/\/kervanmagazacilik.com\/?post_type=product&#038;p=37177"},"modified":"2026-04-22T16:48:18","modified_gmt":"2026-04-22T13:48:18","slug":"673lia000060","status":"publish","type":"product","link":"https:\/\/kervanmagazacilik.com\/index.php\/urun\/673lia000060\/","title":{"rendered":"673LIA000060"},"content":{"rendered":"<p><strong>673LIA000060<\/strong><\/p>\n<p>\u00c7AY SET\u0130 6&#8217;LI 200cc ( L2800-27JZ )<\/p>\n<p>Elde y\u0131kamaya uygundur.<\/p>\n","protected":false},"excerpt":{"rendered":"<p>673LIA000060 \u00c7AY SET\u0130 6&#8217;LI 200cc ( L2800-27JZ ) Elde y\u0131kamaya uygundur.<\/p>\n","protected":false},"featured_media":37180,"template":"","meta":[],"product_brand":[],"product_cat":[172],"product_tag":[8208],"class_list":{"0":"post-37177","1":"product","2":"type-product","3":"status-publish","4":"has-post-thumbnail","6":"product_cat-673lia","7":"product_tag-673lia000060","9":"first","10":"instock","11":"taxable","12":"shipping-taxable","13":"product-type-simple"},"_links":{"self":[{"href":"https:\/\/kervanmagazacilik.com\/index.php\/wp-json\/wp\/v2\/product\/37177","targetHints":{"allow":["GET"]}}],"collection":[{"href":"https:\/\/kervanmagazacilik.com\/index.php\/wp-json\/wp\/v2\/product"}],"about":[{"href":"https:\/\/kervanmagazacilik.com\/index.php\/wp-json\/wp\/v2\/types\/product"}],"wp:featuredmedia":[{"embeddable":true,"href":"https:\/\/kervanmagazacilik.com\/index.php\/wp-json\/wp\/v2\/media\/37180"}],"wp:attachment":[{"href":"https:\/\/kervanmagazacilik.com\/index.php\/wp-json\/wp\/v2\/media?parent=37177"}],"wp:term":[{"taxonomy":"product_brand","embeddable":true,"href":"https:\/\/kervanmagazacilik.com\/index.php\/wp-json\/wp\/v2\/product_brand?post=37177"},{"taxonomy":"product_cat","embeddable":true,"href":"https:\/\/kervanmagazacilik.com\/index.php\/wp-json\/wp\/v2\/product_cat?post=37177"},{"taxonomy":"product_tag","embeddable":true,"href":"https:\/\/kervanmagazacilik.com\/index.php\/wp-json\/wp\/v2\/product_tag?post=37177"}],"curies":[{"name":"wp","href":"https:\/\/api.w.org\/{rel}","templated":true}]}}