{"id":37172,"date":"2026-04-22T16:47:37","date_gmt":"2026-04-22T13:47:37","guid":{"rendered":"https:\/\/kervanmagazacilik.com\/?post_type=product&#038;p=37172"},"modified":"2026-04-22T16:47:38","modified_gmt":"2026-04-22T13:47:38","slug":"673lia000059","status":"publish","type":"product","link":"https:\/\/kervanmagazacilik.com\/index.php\/urun\/673lia000059\/","title":{"rendered":"673LIA000059"},"content":{"rendered":"<p><strong>673LIA000059<\/strong><\/p>\n<p>\u00c7AY SET\u0130 &#8211; 24 PAR\u00c7A ( L2799 )<\/p>\n<p>Elde y\u0131kamaya uygundur.<br \/>\nSetin \u0130\u00e7eri\u011fi : 1 adet 10,5inch(27cm) servis taba\u011f\u0131 + 6 adet 8 inch(20cm) pasta taba\u011f\u0131<br \/>\n+1 adet 1100cc \u00e7aydanl\u0131k + 1 adet 420cc \u015fekerlik + 1adet 270cc s\u00fctl\u00fck + 6 set 200cc lik \u00e7ay fin\u00e7an tak\u0131m\u0131<\/p>\n","protected":false},"excerpt":{"rendered":"<p>673LIA000059 \u00c7AY SET\u0130 &#8211; 24 PAR\u00c7A ( L2799 ) Elde y\u0131kamaya uygundur. Setin \u0130\u00e7eri\u011fi : 1 adet 10,5inch(27cm) servis taba\u011f\u0131 + 6 adet 8 inch(20cm) pasta taba\u011f\u0131 +1 adet 1100cc \u00e7aydanl\u0131k + 1 adet 420cc \u015fekerlik + 1adet 270cc s\u00fctl\u00fck + 6 set 200cc lik \u00e7ay fin\u00e7an tak\u0131m\u0131<\/p>\n","protected":false},"featured_media":37179,"template":"","meta":[],"product_brand":[],"product_cat":[172],"product_tag":[8207],"class_list":{"0":"post-37172","1":"product","2":"type-product","3":"status-publish","4":"has-post-thumbnail","6":"product_cat-673lia","7":"product_tag-673lia000059","9":"first","10":"instock","11":"taxable","12":"shipping-taxable","13":"product-type-simple"},"_links":{"self":[{"href":"https:\/\/kervanmagazacilik.com\/index.php\/wp-json\/wp\/v2\/product\/37172","targetHints":{"allow":["GET"]}}],"collection":[{"href":"https:\/\/kervanmagazacilik.com\/index.php\/wp-json\/wp\/v2\/product"}],"about":[{"href":"https:\/\/kervanmagazacilik.com\/index.php\/wp-json\/wp\/v2\/types\/product"}],"wp:featuredmedia":[{"embeddable":true,"href":"https:\/\/kervanmagazacilik.com\/index.php\/wp-json\/wp\/v2\/media\/37179"}],"wp:attachment":[{"href":"https:\/\/kervanmagazacilik.com\/index.php\/wp-json\/wp\/v2\/media?parent=37172"}],"wp:term":[{"taxonomy":"product_brand","embeddable":true,"href":"https:\/\/kervanmagazacilik.com\/index.php\/wp-json\/wp\/v2\/product_brand?post=37172"},{"taxonomy":"product_cat","embeddable":true,"href":"https:\/\/kervanmagazacilik.com\/index.php\/wp-json\/wp\/v2\/product_cat?post=37172"},{"taxonomy":"product_tag","embeddable":true,"href":"https:\/\/kervanmagazacilik.com\/index.php\/wp-json\/wp\/v2\/product_tag?post=37172"}],"curies":[{"name":"wp","href":"https:\/\/api.w.org\/{rel}","templated":true}]}}