{"id":37171,"date":"2026-04-22T16:45:42","date_gmt":"2026-04-22T13:45:42","guid":{"rendered":"https:\/\/kervanmagazacilik.com\/?post_type=product&#038;p=37171"},"modified":"2026-04-22T16:45:42","modified_gmt":"2026-04-22T13:45:42","slug":"673lia000058","status":"publish","type":"product","link":"https:\/\/kervanmagazacilik.com\/index.php\/urun\/673lia000058\/","title":{"rendered":"673LIA000058"},"content":{"rendered":"<p><strong>673LIA000058<\/strong><\/p>\n<p>T\u00dcRK KAHVES\u0130 F\u0130NCAN TAKIMI 6&#8217;LI 90cc ( L2799-27XJZ )<\/p>\n<p>Elde y\u0131kamaya uygundur.<\/p>\n","protected":false},"excerpt":{"rendered":"<p>673LIA000058 T\u00dcRK KAHVES\u0130 F\u0130NCAN TAKIMI 6&#8217;LI 90cc ( L2799-27XJZ ) Elde y\u0131kamaya uygundur.<\/p>\n","protected":false},"featured_media":37176,"template":"","meta":[],"product_brand":[],"product_cat":[172],"product_tag":[8206],"class_list":{"0":"post-37171","1":"product","2":"type-product","3":"status-publish","4":"has-post-thumbnail","6":"product_cat-673lia","7":"product_tag-673lia000058","9":"first","10":"instock","11":"taxable","12":"shipping-taxable","13":"product-type-simple"},"_links":{"self":[{"href":"https:\/\/kervanmagazacilik.com\/index.php\/wp-json\/wp\/v2\/product\/37171","targetHints":{"allow":["GET"]}}],"collection":[{"href":"https:\/\/kervanmagazacilik.com\/index.php\/wp-json\/wp\/v2\/product"}],"about":[{"href":"https:\/\/kervanmagazacilik.com\/index.php\/wp-json\/wp\/v2\/types\/product"}],"wp:featuredmedia":[{"embeddable":true,"href":"https:\/\/kervanmagazacilik.com\/index.php\/wp-json\/wp\/v2\/media\/37176"}],"wp:attachment":[{"href":"https:\/\/kervanmagazacilik.com\/index.php\/wp-json\/wp\/v2\/media?parent=37171"}],"wp:term":[{"taxonomy":"product_brand","embeddable":true,"href":"https:\/\/kervanmagazacilik.com\/index.php\/wp-json\/wp\/v2\/product_brand?post=37171"},{"taxonomy":"product_cat","embeddable":true,"href":"https:\/\/kervanmagazacilik.com\/index.php\/wp-json\/wp\/v2\/product_cat?post=37171"},{"taxonomy":"product_tag","embeddable":true,"href":"https:\/\/kervanmagazacilik.com\/index.php\/wp-json\/wp\/v2\/product_tag?post=37171"}],"curies":[{"name":"wp","href":"https:\/\/api.w.org\/{rel}","templated":true}]}}