{"id":37170,"date":"2026-04-22T16:39:58","date_gmt":"2026-04-22T13:39:58","guid":{"rendered":"https:\/\/kervanmagazacilik.com\/?post_type=product&#038;p=37170"},"modified":"2026-04-22T16:39:58","modified_gmt":"2026-04-22T13:39:58","slug":"673lia000057","status":"publish","type":"product","link":"https:\/\/kervanmagazacilik.com\/index.php\/urun\/673lia000057\/","title":{"rendered":"673LIA000057"},"content":{"rendered":"<p><strong>673LIA000057<\/strong><\/p>\n<p>\u00c7AY SET\u0130 6&#8217;LI 200cc ( L2799-27JZ )<\/p>\n<p>Elde y\u0131kamaya uygundur.<\/p>\n","protected":false},"excerpt":{"rendered":"<p>673LIA000057 \u00c7AY SET\u0130 6&#8217;LI 200cc ( L2799-27JZ ) Elde y\u0131kamaya uygundur.<\/p>\n","protected":false},"featured_media":37173,"template":"","meta":[],"product_brand":[],"product_cat":[172],"product_tag":[8205],"class_list":{"0":"post-37170","1":"product","2":"type-product","3":"status-publish","4":"has-post-thumbnail","6":"product_cat-673lia","7":"product_tag-673lia000057","9":"first","10":"instock","11":"taxable","12":"shipping-taxable","13":"product-type-simple"},"_links":{"self":[{"href":"https:\/\/kervanmagazacilik.com\/index.php\/wp-json\/wp\/v2\/product\/37170","targetHints":{"allow":["GET"]}}],"collection":[{"href":"https:\/\/kervanmagazacilik.com\/index.php\/wp-json\/wp\/v2\/product"}],"about":[{"href":"https:\/\/kervanmagazacilik.com\/index.php\/wp-json\/wp\/v2\/types\/product"}],"wp:featuredmedia":[{"embeddable":true,"href":"https:\/\/kervanmagazacilik.com\/index.php\/wp-json\/wp\/v2\/media\/37173"}],"wp:attachment":[{"href":"https:\/\/kervanmagazacilik.com\/index.php\/wp-json\/wp\/v2\/media?parent=37170"}],"wp:term":[{"taxonomy":"product_brand","embeddable":true,"href":"https:\/\/kervanmagazacilik.com\/index.php\/wp-json\/wp\/v2\/product_brand?post=37170"},{"taxonomy":"product_cat","embeddable":true,"href":"https:\/\/kervanmagazacilik.com\/index.php\/wp-json\/wp\/v2\/product_cat?post=37170"},{"taxonomy":"product_tag","embeddable":true,"href":"https:\/\/kervanmagazacilik.com\/index.php\/wp-json\/wp\/v2\/product_tag?post=37170"}],"curies":[{"name":"wp","href":"https:\/\/api.w.org\/{rel}","templated":true}]}}