{"id":37158,"date":"2026-04-22T13:52:21","date_gmt":"2026-04-22T10:52:21","guid":{"rendered":"https:\/\/kervanmagazacilik.com\/?post_type=product&#038;p=37158"},"modified":"2026-04-22T13:52:21","modified_gmt":"2026-04-22T10:52:21","slug":"142hsh001881","status":"publish","type":"product","link":"https:\/\/kervanmagazacilik.com\/index.php\/urun\/142hsh001881\/","title":{"rendered":"142HSH001881"},"content":{"rendered":"<p><strong>142HSH001881<\/strong><\/p>\n<p>NERG\u0130S 3 PR\u00c7 KUTULU HAVLU SET<\/p>\n<p>Havlu; %100 pamuk<br \/>\nAksesuar; %100 polyester<br \/>\n30 derece y\u0131kama<br \/>\nKurutma makinesinde kurutulamaz<br \/>\nD\u00fc\u015f\u00fck \u0131s\u0131da \u00fct\u00fclenmelidir<br \/>\n30&#215;50 HAVLU : 2 ADET<\/p>\n","protected":false},"excerpt":{"rendered":"<p>142HSH001881 NERG\u0130S 3 PR\u00c7 KUTULU HAVLU SET Havlu; %100 pamuk Aksesuar; %100 polyester 30 derece y\u0131kama Kurutma makinesinde kurutulamaz D\u00fc\u015f\u00fck \u0131s\u0131da \u00fct\u00fclenmelidir 30&#215;50 HAVLU : 2 ADET<\/p>\n","protected":false},"featured_media":37161,"template":"","meta":[],"product_brand":[],"product_cat":[6507],"product_tag":[8199],"class_list":{"0":"post-37158","1":"product","2":"type-product","3":"status-publish","4":"has-post-thumbnail","6":"product_cat-142hsh","7":"product_tag-142hsh001881","9":"first","10":"instock","11":"taxable","12":"shipping-taxable","13":"product-type-simple"},"_links":{"self":[{"href":"https:\/\/kervanmagazacilik.com\/index.php\/wp-json\/wp\/v2\/product\/37158","targetHints":{"allow":["GET"]}}],"collection":[{"href":"https:\/\/kervanmagazacilik.com\/index.php\/wp-json\/wp\/v2\/product"}],"about":[{"href":"https:\/\/kervanmagazacilik.com\/index.php\/wp-json\/wp\/v2\/types\/product"}],"wp:featuredmedia":[{"embeddable":true,"href":"https:\/\/kervanmagazacilik.com\/index.php\/wp-json\/wp\/v2\/media\/37161"}],"wp:attachment":[{"href":"https:\/\/kervanmagazacilik.com\/index.php\/wp-json\/wp\/v2\/media?parent=37158"}],"wp:term":[{"taxonomy":"product_brand","embeddable":true,"href":"https:\/\/kervanmagazacilik.com\/index.php\/wp-json\/wp\/v2\/product_brand?post=37158"},{"taxonomy":"product_cat","embeddable":true,"href":"https:\/\/kervanmagazacilik.com\/index.php\/wp-json\/wp\/v2\/product_cat?post=37158"},{"taxonomy":"product_tag","embeddable":true,"href":"https:\/\/kervanmagazacilik.com\/index.php\/wp-json\/wp\/v2\/product_tag?post=37158"}],"curies":[{"name":"wp","href":"https:\/\/api.w.org\/{rel}","templated":true}]}}