{"id":37154,"date":"2026-04-22T13:43:56","date_gmt":"2026-04-22T10:43:56","guid":{"rendered":"https:\/\/kervanmagazacilik.com\/?post_type=product&#038;p=37154"},"modified":"2026-04-22T13:43:56","modified_gmt":"2026-04-22T10:43:56","slug":"142hsh001874","status":"publish","type":"product","link":"https:\/\/kervanmagazacilik.com\/index.php\/urun\/142hsh001874\/","title":{"rendered":"142HSH001874"},"content":{"rendered":"<p><strong>142HSH001874<\/strong><\/p>\n<p>AN\u0130TA 3 PR\u00c7 KUTULU HAVLU SET<\/p>\n<div>Havlu; %100 pamuk<\/div>\n<div>Aksesuar; %100 polyester<\/div>\n<div>30 derece y\u0131kama<\/div>\n<div>Kurutma makinesinde kurutulamaz<\/div>\n<div>D\u00fc\u015f\u00fck \u0131s\u0131da \u00fct\u00fclenmelidir<\/div>\n<div><\/div>\n<div>ALT GRUP: BANYO TEKST\u0130L\u0130<\/div>\n<div><\/div>\n<div>50X90 HAVLU: 3 ADET<\/div>\n","protected":false},"excerpt":{"rendered":"<p>142HSH001874 AN\u0130TA 3 PR\u00c7 KUTULU HAVLU SET Havlu; %100 pamuk Aksesuar; %100 polyester 30 derece y\u0131kama Kurutma makinesinde kurutulamaz D\u00fc\u015f\u00fck \u0131s\u0131da \u00fct\u00fclenmelidir ALT GRUP: BANYO TEKST\u0130L\u0130 50X90 HAVLU: 3 ADET<\/p>\n","protected":false},"featured_media":37157,"template":"","meta":[],"product_brand":[],"product_cat":[6507],"product_tag":[8198],"class_list":{"0":"post-37154","1":"product","2":"type-product","3":"status-publish","4":"has-post-thumbnail","6":"product_cat-142hsh","7":"product_tag-142hsh001874","9":"first","10":"instock","11":"taxable","12":"shipping-taxable","13":"product-type-simple"},"_links":{"self":[{"href":"https:\/\/kervanmagazacilik.com\/index.php\/wp-json\/wp\/v2\/product\/37154","targetHints":{"allow":["GET"]}}],"collection":[{"href":"https:\/\/kervanmagazacilik.com\/index.php\/wp-json\/wp\/v2\/product"}],"about":[{"href":"https:\/\/kervanmagazacilik.com\/index.php\/wp-json\/wp\/v2\/types\/product"}],"wp:featuredmedia":[{"embeddable":true,"href":"https:\/\/kervanmagazacilik.com\/index.php\/wp-json\/wp\/v2\/media\/37157"}],"wp:attachment":[{"href":"https:\/\/kervanmagazacilik.com\/index.php\/wp-json\/wp\/v2\/media?parent=37154"}],"wp:term":[{"taxonomy":"product_brand","embeddable":true,"href":"https:\/\/kervanmagazacilik.com\/index.php\/wp-json\/wp\/v2\/product_brand?post=37154"},{"taxonomy":"product_cat","embeddable":true,"href":"https:\/\/kervanmagazacilik.com\/index.php\/wp-json\/wp\/v2\/product_cat?post=37154"},{"taxonomy":"product_tag","embeddable":true,"href":"https:\/\/kervanmagazacilik.com\/index.php\/wp-json\/wp\/v2\/product_tag?post=37154"}],"curies":[{"name":"wp","href":"https:\/\/api.w.org\/{rel}","templated":true}]}}