{"id":37148,"date":"2026-04-22T13:36:09","date_gmt":"2026-04-22T10:36:09","guid":{"rendered":"https:\/\/kervanmagazacilik.com\/?post_type=product&#038;p=37148"},"modified":"2026-04-22T13:36:12","modified_gmt":"2026-04-22T10:36:12","slug":"142hsh001864","status":"publish","type":"product","link":"https:\/\/kervanmagazacilik.com\/index.php\/urun\/142hsh001864\/","title":{"rendered":"142HSH001864"},"content":{"rendered":"<p><strong>142HSH001864<\/strong><\/p>\n<p>PALADOS 4 PR\u00c7 KUTULU HAVLU SET<\/p>\n<div>Havlu; %100 pamuk<\/div>\n<div>Aksesuar; %100 polyester<\/div>\n<div>30 derece y\u0131kama<\/div>\n<div>Kurutma makinesinde kurutulamaz<\/div>\n<div>D\u00fc\u015f\u00fck \u0131s\u0131da \u00fct\u00fclenmelidir<\/div>\n<div><\/div>\n<div>ALT GRUP: BANYO TEKST\u0130L\u0130<\/div>\n<div><\/div>\n<div>30X50 HAVLU: 2 ADET<\/div>\n<div>50X90 HAVLU: 2 ADET<\/div>\n","protected":false},"excerpt":{"rendered":"<p>142HSH001864 PALADOS 4 PR\u00c7 KUTULU HAVLU SET Havlu; %100 pamuk Aksesuar; %100 polyester 30 derece y\u0131kama Kurutma makinesinde kurutulamaz D\u00fc\u015f\u00fck \u0131s\u0131da \u00fct\u00fclenmelidir ALT GRUP: BANYO TEKST\u0130L\u0130 30X50 HAVLU: 2 ADET 50X90 HAVLU: 2 ADET<\/p>\n","protected":false},"featured_media":0,"template":"","meta":[],"product_brand":[],"product_cat":[6507],"product_tag":[8195],"class_list":{"0":"post-37148","1":"product","2":"type-product","3":"status-publish","5":"product_cat-142hsh","6":"product_tag-142hsh001864","8":"first","9":"instock","10":"taxable","11":"shipping-taxable","12":"product-type-simple"},"_links":{"self":[{"href":"https:\/\/kervanmagazacilik.com\/index.php\/wp-json\/wp\/v2\/product\/37148","targetHints":{"allow":["GET"]}}],"collection":[{"href":"https:\/\/kervanmagazacilik.com\/index.php\/wp-json\/wp\/v2\/product"}],"about":[{"href":"https:\/\/kervanmagazacilik.com\/index.php\/wp-json\/wp\/v2\/types\/product"}],"wp:attachment":[{"href":"https:\/\/kervanmagazacilik.com\/index.php\/wp-json\/wp\/v2\/media?parent=37148"}],"wp:term":[{"taxonomy":"product_brand","embeddable":true,"href":"https:\/\/kervanmagazacilik.com\/index.php\/wp-json\/wp\/v2\/product_brand?post=37148"},{"taxonomy":"product_cat","embeddable":true,"href":"https:\/\/kervanmagazacilik.com\/index.php\/wp-json\/wp\/v2\/product_cat?post=37148"},{"taxonomy":"product_tag","embeddable":true,"href":"https:\/\/kervanmagazacilik.com\/index.php\/wp-json\/wp\/v2\/product_tag?post=37148"}],"curies":[{"name":"wp","href":"https:\/\/api.w.org\/{rel}","templated":true}]}}