{"id":37102,"date":"2026-04-21T10:36:12","date_gmt":"2026-04-21T07:36:12","guid":{"rendered":"https:\/\/kervanmagazacilik.com\/?post_type=product&#038;p=37102"},"modified":"2026-04-21T10:36:12","modified_gmt":"2026-04-21T07:36:12","slug":"150063001118","status":"publish","type":"product","link":"https:\/\/kervanmagazacilik.com\/index.php\/urun\/150063001118\/","title":{"rendered":"150063001118"},"content":{"rendered":"<p><strong>150063001118<\/strong><\/p>\n<p>DORAM\u0130 K\u00dc\u00c7\u00dcK HURC 35X45X15 KREM<\/p>\n<div>Kuma\u015f, %100 polyester<\/div>\n<div>Aksesuar, %100 polyester<\/div>\n<div>Sadece kuru temizleme yap\u0131lmal\u0131d\u0131r<\/div>\n<div><\/div>\n<div>ALT GRUP: D\u0130\u011eER TEKST\u0130L \u00dcR\u00dcNLER\u0130<\/div>\n","protected":false},"excerpt":{"rendered":"<p>150063001118 DORAM\u0130 K\u00dc\u00c7\u00dcK HURC 35X45X15 KREM Kuma\u015f, %100 polyester Aksesuar, %100 polyester Sadece kuru temizleme yap\u0131lmal\u0131d\u0131r ALT GRUP: D\u0130\u011eER TEKST\u0130L \u00dcR\u00dcNLER\u0130<\/p>\n","protected":false},"featured_media":37103,"template":"","meta":[],"product_brand":[],"product_cat":[2150],"product_tag":[8179],"class_list":{"0":"post-37102","1":"product","2":"type-product","3":"status-publish","4":"has-post-thumbnail","6":"product_cat-2150","7":"product_tag-8179","9":"first","10":"instock","11":"taxable","12":"shipping-taxable","13":"product-type-simple"},"_links":{"self":[{"href":"https:\/\/kervanmagazacilik.com\/index.php\/wp-json\/wp\/v2\/product\/37102","targetHints":{"allow":["GET"]}}],"collection":[{"href":"https:\/\/kervanmagazacilik.com\/index.php\/wp-json\/wp\/v2\/product"}],"about":[{"href":"https:\/\/kervanmagazacilik.com\/index.php\/wp-json\/wp\/v2\/types\/product"}],"wp:featuredmedia":[{"embeddable":true,"href":"https:\/\/kervanmagazacilik.com\/index.php\/wp-json\/wp\/v2\/media\/37103"}],"wp:attachment":[{"href":"https:\/\/kervanmagazacilik.com\/index.php\/wp-json\/wp\/v2\/media?parent=37102"}],"wp:term":[{"taxonomy":"product_brand","embeddable":true,"href":"https:\/\/kervanmagazacilik.com\/index.php\/wp-json\/wp\/v2\/product_brand?post=37102"},{"taxonomy":"product_cat","embeddable":true,"href":"https:\/\/kervanmagazacilik.com\/index.php\/wp-json\/wp\/v2\/product_cat?post=37102"},{"taxonomy":"product_tag","embeddable":true,"href":"https:\/\/kervanmagazacilik.com\/index.php\/wp-json\/wp\/v2\/product_tag?post=37102"}],"curies":[{"name":"wp","href":"https:\/\/api.w.org\/{rel}","templated":true}]}}