{"id":37087,"date":"2026-04-21T10:25:32","date_gmt":"2026-04-21T07:25:32","guid":{"rendered":"https:\/\/kervanmagazacilik.com\/?post_type=product&#038;p=37087"},"modified":"2026-04-21T10:25:35","modified_gmt":"2026-04-21T07:25:35","slug":"062063030416","status":"publish","type":"product","link":"https:\/\/kervanmagazacilik.com\/index.php\/urun\/062063030416\/","title":{"rendered":"062063030416"},"content":{"rendered":"<p><strong>062063030416<\/strong><\/p>\n<p>CLERTO BATTANIYE 240X250 ECRU<\/p>\n<div>A Kuma\u015f: %58 PAMUK\u00a0 %32 AKR\u0130L\u0130K\u00a0 %10 POLYESTER<\/div>\n<div>B Kuma\u015f; %100 Polyester<\/div>\n<div>30 derece narin y\u0131kama<\/div>\n<div>\u00c7ama\u015f\u0131r suyu konamaz<\/div>\n<div>Kurutma makinesinde kurutulamaz<\/div>\n<div>D\u00fc\u015f\u00fck \u0131s\u0131da \u00fct\u00fclenmelidir<\/div>\n<div><\/div>\n<div>ALT GRUP: YATAK ODASI TEKST\u0130L\u0130<\/div>\n","protected":false},"excerpt":{"rendered":"<p>062063030416 CLERTO BATTANIYE 240X250 ECRU A Kuma\u015f: %58 PAMUK\u00a0 %32 AKR\u0130L\u0130K\u00a0 %10 POLYESTER B Kuma\u015f; %100 Polyester 30 derece narin y\u0131kama \u00c7ama\u015f\u0131r suyu konamaz Kurutma makinesinde kurutulamaz D\u00fc\u015f\u00fck \u0131s\u0131da \u00fct\u00fclenmelidir ALT GRUP: YATAK ODASI TEKST\u0130L\u0130<\/p>\n","protected":false},"featured_media":37088,"template":"","meta":[],"product_brand":[],"product_cat":[6469],"product_tag":[8174],"class_list":{"0":"post-37087","1":"product","2":"type-product","3":"status-publish","4":"has-post-thumbnail","6":"product_cat-6469","7":"product_tag-8174","9":"first","10":"instock","11":"taxable","12":"shipping-taxable","13":"product-type-simple"},"_links":{"self":[{"href":"https:\/\/kervanmagazacilik.com\/index.php\/wp-json\/wp\/v2\/product\/37087","targetHints":{"allow":["GET"]}}],"collection":[{"href":"https:\/\/kervanmagazacilik.com\/index.php\/wp-json\/wp\/v2\/product"}],"about":[{"href":"https:\/\/kervanmagazacilik.com\/index.php\/wp-json\/wp\/v2\/types\/product"}],"wp:featuredmedia":[{"embeddable":true,"href":"https:\/\/kervanmagazacilik.com\/index.php\/wp-json\/wp\/v2\/media\/37088"}],"wp:attachment":[{"href":"https:\/\/kervanmagazacilik.com\/index.php\/wp-json\/wp\/v2\/media?parent=37087"}],"wp:term":[{"taxonomy":"product_brand","embeddable":true,"href":"https:\/\/kervanmagazacilik.com\/index.php\/wp-json\/wp\/v2\/product_brand?post=37087"},{"taxonomy":"product_cat","embeddable":true,"href":"https:\/\/kervanmagazacilik.com\/index.php\/wp-json\/wp\/v2\/product_cat?post=37087"},{"taxonomy":"product_tag","embeddable":true,"href":"https:\/\/kervanmagazacilik.com\/index.php\/wp-json\/wp\/v2\/product_tag?post=37087"}],"curies":[{"name":"wp","href":"https:\/\/api.w.org\/{rel}","templated":true}]}}