{"id":37081,"date":"2026-04-21T10:18:25","date_gmt":"2026-04-21T07:18:25","guid":{"rendered":"https:\/\/kervanmagazacilik.com\/?post_type=product&#038;p=37081"},"modified":"2026-04-21T10:18:25","modified_gmt":"2026-04-21T07:18:25","slug":"062hsh000338","status":"publish","type":"product","link":"https:\/\/kervanmagazacilik.com\/index.php\/urun\/062hsh000338\/","title":{"rendered":"062HSH000338"},"content":{"rendered":"<p><strong>062HSH000338<\/strong><\/p>\n<p>MELINSA BATTAN\u0130YE TA\u015e 230x245cm<\/p>\n<p>Kuma\u015f: %58 PAMUK %32 AKR\u0130L\u0130K %10 POLYESTER<br \/>\nAksesuar; %100 Polyester<br \/>\n30 derece narin y\u0131kama<br \/>\n\u00c7ama\u015f\u0131r suyu konamaz<br \/>\nKurutma makinesinde kurutulamaz<br \/>\nD\u00fc\u015f\u00fck \u0131s\u0131da \u00fct\u00fclenmelidir<\/p>\n","protected":false},"excerpt":{"rendered":"<p>062HSH000338 MELINSA BATTAN\u0130YE TA\u015e 230x245cm Kuma\u015f: %58 PAMUK %32 AKR\u0130L\u0130K %10 POLYESTER Aksesuar; %100 Polyester 30 derece narin y\u0131kama \u00c7ama\u015f\u0131r suyu konamaz Kurutma makinesinde kurutulamaz D\u00fc\u015f\u00fck \u0131s\u0131da \u00fct\u00fclenmelidir<\/p>\n","protected":false},"featured_media":37085,"template":"","meta":[],"product_brand":[],"product_cat":[2575],"product_tag":[8173],"class_list":{"0":"post-37081","1":"product","2":"type-product","3":"status-publish","4":"has-post-thumbnail","6":"product_cat-062hsh","7":"product_tag-062hsh000338","9":"first","10":"instock","11":"taxable","12":"shipping-taxable","13":"product-type-simple"},"_links":{"self":[{"href":"https:\/\/kervanmagazacilik.com\/index.php\/wp-json\/wp\/v2\/product\/37081","targetHints":{"allow":["GET"]}}],"collection":[{"href":"https:\/\/kervanmagazacilik.com\/index.php\/wp-json\/wp\/v2\/product"}],"about":[{"href":"https:\/\/kervanmagazacilik.com\/index.php\/wp-json\/wp\/v2\/types\/product"}],"wp:featuredmedia":[{"embeddable":true,"href":"https:\/\/kervanmagazacilik.com\/index.php\/wp-json\/wp\/v2\/media\/37085"}],"wp:attachment":[{"href":"https:\/\/kervanmagazacilik.com\/index.php\/wp-json\/wp\/v2\/media?parent=37081"}],"wp:term":[{"taxonomy":"product_brand","embeddable":true,"href":"https:\/\/kervanmagazacilik.com\/index.php\/wp-json\/wp\/v2\/product_brand?post=37081"},{"taxonomy":"product_cat","embeddable":true,"href":"https:\/\/kervanmagazacilik.com\/index.php\/wp-json\/wp\/v2\/product_cat?post=37081"},{"taxonomy":"product_tag","embeddable":true,"href":"https:\/\/kervanmagazacilik.com\/index.php\/wp-json\/wp\/v2\/product_tag?post=37081"}],"curies":[{"name":"wp","href":"https:\/\/api.w.org\/{rel}","templated":true}]}}