{"id":37077,"date":"2026-04-21T10:15:32","date_gmt":"2026-04-21T07:15:32","guid":{"rendered":"https:\/\/kervanmagazacilik.com\/?post_type=product&#038;p=37077"},"modified":"2026-04-21T10:15:33","modified_gmt":"2026-04-21T07:15:33","slug":"142hsh001884","status":"publish","type":"product","link":"https:\/\/kervanmagazacilik.com\/index.php\/urun\/142hsh001884\/","title":{"rendered":"142HSH001884"},"content":{"rendered":"<p><strong>142HSH001884<\/strong><\/p>\n<p>\u00c7\u0130\u00c7EKL\u0130 30&#215;50 HAVLU ASORT\u0130<\/p>\n<p>Havlu; %100 pamuk<br \/>\nAksesuar; %100 polyester<br \/>\n30 derece y\u0131kama<br \/>\nKurutma makinesinde kurutulamaz<br \/>\nD\u00fc\u015f\u00fck \u0131s\u0131da \u00fct\u00fclenmelidir<br \/>\n30X50 HAVLU :1 ADET<\/p>\n","protected":false},"excerpt":{"rendered":"<p>142HSH001884 \u00c7\u0130\u00c7EKL\u0130 30&#215;50 HAVLU ASORT\u0130 Havlu; %100 pamuk Aksesuar; %100 polyester 30 derece y\u0131kama Kurutma makinesinde kurutulamaz D\u00fc\u015f\u00fck \u0131s\u0131da \u00fct\u00fclenmelidir 30X50 HAVLU :1 ADET<\/p>\n","protected":false},"featured_media":37082,"template":"","meta":[],"product_brand":[],"product_cat":[6507],"product_tag":[8172],"class_list":{"0":"post-37077","1":"product","2":"type-product","3":"status-publish","4":"has-post-thumbnail","6":"product_cat-142hsh","7":"product_tag-142hsh001884","9":"first","10":"instock","11":"taxable","12":"shipping-taxable","13":"product-type-simple"},"_links":{"self":[{"href":"https:\/\/kervanmagazacilik.com\/index.php\/wp-json\/wp\/v2\/product\/37077","targetHints":{"allow":["GET"]}}],"collection":[{"href":"https:\/\/kervanmagazacilik.com\/index.php\/wp-json\/wp\/v2\/product"}],"about":[{"href":"https:\/\/kervanmagazacilik.com\/index.php\/wp-json\/wp\/v2\/types\/product"}],"wp:featuredmedia":[{"embeddable":true,"href":"https:\/\/kervanmagazacilik.com\/index.php\/wp-json\/wp\/v2\/media\/37082"}],"wp:attachment":[{"href":"https:\/\/kervanmagazacilik.com\/index.php\/wp-json\/wp\/v2\/media?parent=37077"}],"wp:term":[{"taxonomy":"product_brand","embeddable":true,"href":"https:\/\/kervanmagazacilik.com\/index.php\/wp-json\/wp\/v2\/product_brand?post=37077"},{"taxonomy":"product_cat","embeddable":true,"href":"https:\/\/kervanmagazacilik.com\/index.php\/wp-json\/wp\/v2\/product_cat?post=37077"},{"taxonomy":"product_tag","embeddable":true,"href":"https:\/\/kervanmagazacilik.com\/index.php\/wp-json\/wp\/v2\/product_tag?post=37077"}],"curies":[{"name":"wp","href":"https:\/\/api.w.org\/{rel}","templated":true}]}}