{"id":37042,"date":"2026-04-17T11:08:41","date_gmt":"2026-04-17T08:08:41","guid":{"rendered":"https:\/\/kervanmagazacilik.com\/?post_type=product&#038;p=37042"},"modified":"2026-04-17T11:08:41","modified_gmt":"2026-04-17T08:08:41","slug":"611ydgn00378","status":"publish","type":"product","link":"https:\/\/kervanmagazacilik.com\/index.php\/urun\/611ydgn00378\/","title":{"rendered":"611YDGN00378"},"content":{"rendered":"<p><strong>611YDGN00378<\/strong><\/p>\n<p>NO\u0130R TEKL\u0130 KOLTUK BEJ-KAHVE 95x95x80cm (ENTO 24459-01)<\/p>\n<p>%78 POLYESTER<br \/>\n%22 COTTON<br \/>\nKURU TEM\u0130ZLEME \u00d6NER\u0130L\u0130R<\/p>\n<p>EN:95cm<\/p>\n<p>BOY:95cm<\/p>\n<p>Y\u00dcKSEKL\u0130K:80cm<\/p>\n","protected":false},"excerpt":{"rendered":"<p>611YDGN00378 NO\u0130R TEKL\u0130 KOLTUK BEJ-KAHVE 95x95x80cm (ENTO 24459-01) %78 POLYESTER %22 COTTON KURU TEM\u0130ZLEME \u00d6NER\u0130L\u0130R EN:95cm BOY:95cm Y\u00dcKSEKL\u0130K:80cm<\/p>\n","protected":false},"featured_media":37044,"template":"","meta":[],"product_brand":[],"product_cat":[5750],"product_tag":[8165],"class_list":{"0":"post-37042","1":"product","2":"type-product","3":"status-publish","4":"has-post-thumbnail","6":"product_cat-611ydgn","7":"product_tag-611ydgn00378","9":"first","10":"instock","11":"taxable","12":"shipping-taxable","13":"product-type-simple"},"_links":{"self":[{"href":"https:\/\/kervanmagazacilik.com\/index.php\/wp-json\/wp\/v2\/product\/37042","targetHints":{"allow":["GET"]}}],"collection":[{"href":"https:\/\/kervanmagazacilik.com\/index.php\/wp-json\/wp\/v2\/product"}],"about":[{"href":"https:\/\/kervanmagazacilik.com\/index.php\/wp-json\/wp\/v2\/types\/product"}],"wp:featuredmedia":[{"embeddable":true,"href":"https:\/\/kervanmagazacilik.com\/index.php\/wp-json\/wp\/v2\/media\/37044"}],"wp:attachment":[{"href":"https:\/\/kervanmagazacilik.com\/index.php\/wp-json\/wp\/v2\/media?parent=37042"}],"wp:term":[{"taxonomy":"product_brand","embeddable":true,"href":"https:\/\/kervanmagazacilik.com\/index.php\/wp-json\/wp\/v2\/product_brand?post=37042"},{"taxonomy":"product_cat","embeddable":true,"href":"https:\/\/kervanmagazacilik.com\/index.php\/wp-json\/wp\/v2\/product_cat?post=37042"},{"taxonomy":"product_tag","embeddable":true,"href":"https:\/\/kervanmagazacilik.com\/index.php\/wp-json\/wp\/v2\/product_tag?post=37042"}],"curies":[{"name":"wp","href":"https:\/\/api.w.org\/{rel}","templated":true}]}}