{"id":37041,"date":"2026-04-17T11:07:31","date_gmt":"2026-04-17T08:07:31","guid":{"rendered":"https:\/\/kervanmagazacilik.com\/?post_type=product&#038;p=37041"},"modified":"2026-04-17T11:07:32","modified_gmt":"2026-04-17T08:07:32","slug":"611ydgn00377","status":"publish","type":"product","link":"https:\/\/kervanmagazacilik.com\/index.php\/urun\/611ydgn00377\/","title":{"rendered":"611YDGN00377"},"content":{"rendered":"<p><strong>611YDGN00377<\/strong><\/p>\n<p>NO\u0130R \u00dc\u00c7L\u00dc KOLTUK BEJ-KAHVE 95x255x70cm (ENTO 24459-01)<\/p>\n<p>%78 POLYESTER<br \/>\n%22 COTTON<br \/>\nKURU TEM\u0130ZLEME \u00d6NER\u0130L\u0130R<\/p>\n<p>EN:95cm<\/p>\n<p>BOY:255cm<\/p>\n<p>Y\u00dcKSEKL\u0130K:70cm<\/p>\n","protected":false},"excerpt":{"rendered":"<p>611YDGN00377 NO\u0130R \u00dc\u00c7L\u00dc KOLTUK BEJ-KAHVE 95x255x70cm (ENTO 24459-01) %78 POLYESTER %22 COTTON KURU TEM\u0130ZLEME \u00d6NER\u0130L\u0130R EN:95cm BOY:255cm Y\u00dcKSEKL\u0130K:70cm<\/p>\n","protected":false},"featured_media":37043,"template":"","meta":[],"product_brand":[],"product_cat":[5750],"product_tag":[8164],"class_list":{"0":"post-37041","1":"product","2":"type-product","3":"status-publish","4":"has-post-thumbnail","6":"product_cat-611ydgn","7":"product_tag-611ydgn00377","9":"first","10":"instock","11":"taxable","12":"shipping-taxable","13":"product-type-simple"},"_links":{"self":[{"href":"https:\/\/kervanmagazacilik.com\/index.php\/wp-json\/wp\/v2\/product\/37041","targetHints":{"allow":["GET"]}}],"collection":[{"href":"https:\/\/kervanmagazacilik.com\/index.php\/wp-json\/wp\/v2\/product"}],"about":[{"href":"https:\/\/kervanmagazacilik.com\/index.php\/wp-json\/wp\/v2\/types\/product"}],"wp:featuredmedia":[{"embeddable":true,"href":"https:\/\/kervanmagazacilik.com\/index.php\/wp-json\/wp\/v2\/media\/37043"}],"wp:attachment":[{"href":"https:\/\/kervanmagazacilik.com\/index.php\/wp-json\/wp\/v2\/media?parent=37041"}],"wp:term":[{"taxonomy":"product_brand","embeddable":true,"href":"https:\/\/kervanmagazacilik.com\/index.php\/wp-json\/wp\/v2\/product_brand?post=37041"},{"taxonomy":"product_cat","embeddable":true,"href":"https:\/\/kervanmagazacilik.com\/index.php\/wp-json\/wp\/v2\/product_cat?post=37041"},{"taxonomy":"product_tag","embeddable":true,"href":"https:\/\/kervanmagazacilik.com\/index.php\/wp-json\/wp\/v2\/product_tag?post=37041"}],"curies":[{"name":"wp","href":"https:\/\/api.w.org\/{rel}","templated":true}]}}