{"id":3704,"date":"2024-09-20T11:12:33","date_gmt":"2024-09-20T08:12:33","guid":{"rendered":"https:\/\/kervanmagazacilik.com\/?post_type=product&#038;p=3704"},"modified":"2024-09-20T11:12:33","modified_gmt":"2024-09-20T08:12:33","slug":"611abt000013","status":"publish","type":"product","link":"https:\/\/kervanmagazacilik.com\/index.php\/urun\/611abt000013\/","title":{"rendered":"611ABT000013"},"content":{"rendered":"<p>611ABT000013<\/p>\n<p>VERDE HS201809\/7 MANHATTAN OVAL MASA KAHVE 152x97x74cm<\/p>\n<p>\u00c7\u0130N&#8217;DE \u00dcRET\u0130LM\u0130\u015eT\u0130R<\/p>\n<p>&nbsp;<\/p>\n","protected":false},"excerpt":{"rendered":"<p>611ABT000013 VERDE HS201809\/7 MANHATTAN OVAL MASA KAHVE 152x97x74cm \u00c7\u0130N&#8217;DE \u00dcRET\u0130LM\u0130\u015eT\u0130R &nbsp;<\/p>\n","protected":false},"featured_media":3705,"template":"","meta":[],"product_brand":[],"product_cat":[96],"product_tag":[905],"class_list":{"0":"post-3704","1":"product","2":"type-product","3":"status-publish","4":"has-post-thumbnail","6":"product_cat-611abt","7":"product_tag-611abt000013","9":"first","10":"instock","11":"taxable","12":"shipping-taxable","13":"product-type-simple"},"_links":{"self":[{"href":"https:\/\/kervanmagazacilik.com\/index.php\/wp-json\/wp\/v2\/product\/3704","targetHints":{"allow":["GET"]}}],"collection":[{"href":"https:\/\/kervanmagazacilik.com\/index.php\/wp-json\/wp\/v2\/product"}],"about":[{"href":"https:\/\/kervanmagazacilik.com\/index.php\/wp-json\/wp\/v2\/types\/product"}],"wp:featuredmedia":[{"embeddable":true,"href":"https:\/\/kervanmagazacilik.com\/index.php\/wp-json\/wp\/v2\/media\/3705"}],"wp:attachment":[{"href":"https:\/\/kervanmagazacilik.com\/index.php\/wp-json\/wp\/v2\/media?parent=3704"}],"wp:term":[{"taxonomy":"product_brand","embeddable":true,"href":"https:\/\/kervanmagazacilik.com\/index.php\/wp-json\/wp\/v2\/product_brand?post=3704"},{"taxonomy":"product_cat","embeddable":true,"href":"https:\/\/kervanmagazacilik.com\/index.php\/wp-json\/wp\/v2\/product_cat?post=3704"},{"taxonomy":"product_tag","embeddable":true,"href":"https:\/\/kervanmagazacilik.com\/index.php\/wp-json\/wp\/v2\/product_tag?post=3704"}],"curies":[{"name":"wp","href":"https:\/\/api.w.org\/{rel}","templated":true}]}}