{"id":37038,"date":"2026-04-17T11:15:20","date_gmt":"2026-04-17T08:15:20","guid":{"rendered":"https:\/\/kervanmagazacilik.com\/?post_type=product&#038;p=37038"},"modified":"2026-04-17T11:15:20","modified_gmt":"2026-04-17T08:15:20","slug":"611ydgn00376","status":"publish","type":"product","link":"https:\/\/kervanmagazacilik.com\/index.php\/urun\/611ydgn00376\/","title":{"rendered":"611YDGN00376"},"content":{"rendered":"<p><strong>611YDGN00376<\/strong><\/p>\n<p>CAMEL\u0130A TEKL\u0130 KOLTUK KAHVE 90x95x80cm (NAPOL\u0130 234)<\/p>\n<p>%100 POLYESTER<br \/>\nKURU TEM\u0130ZLEME \u00d6NER\u0130L\u0130R<\/p>\n<p>EN:90cm<\/p>\n<p>BOY:95cm<\/p>\n<p>Y\u00dcKSEKL\u0130K:80cm<\/p>\n","protected":false},"excerpt":{"rendered":"<p>611YDGN00376 CAMEL\u0130A TEKL\u0130 KOLTUK KAHVE 90x95x80cm (NAPOL\u0130 234) %100 POLYESTER KURU TEM\u0130ZLEME \u00d6NER\u0130L\u0130R EN:90cm BOY:95cm Y\u00dcKSEKL\u0130K:80cm<\/p>\n","protected":false},"featured_media":37045,"template":"","meta":[],"product_brand":[],"product_cat":[5750],"product_tag":[8166],"class_list":{"0":"post-37038","1":"product","2":"type-product","3":"status-publish","4":"has-post-thumbnail","6":"product_cat-611ydgn","7":"product_tag-611ydgn00376","9":"first","10":"instock","11":"taxable","12":"shipping-taxable","13":"product-type-simple"},"_links":{"self":[{"href":"https:\/\/kervanmagazacilik.com\/index.php\/wp-json\/wp\/v2\/product\/37038","targetHints":{"allow":["GET"]}}],"collection":[{"href":"https:\/\/kervanmagazacilik.com\/index.php\/wp-json\/wp\/v2\/product"}],"about":[{"href":"https:\/\/kervanmagazacilik.com\/index.php\/wp-json\/wp\/v2\/types\/product"}],"wp:featuredmedia":[{"embeddable":true,"href":"https:\/\/kervanmagazacilik.com\/index.php\/wp-json\/wp\/v2\/media\/37045"}],"wp:attachment":[{"href":"https:\/\/kervanmagazacilik.com\/index.php\/wp-json\/wp\/v2\/media?parent=37038"}],"wp:term":[{"taxonomy":"product_brand","embeddable":true,"href":"https:\/\/kervanmagazacilik.com\/index.php\/wp-json\/wp\/v2\/product_brand?post=37038"},{"taxonomy":"product_cat","embeddable":true,"href":"https:\/\/kervanmagazacilik.com\/index.php\/wp-json\/wp\/v2\/product_cat?post=37038"},{"taxonomy":"product_tag","embeddable":true,"href":"https:\/\/kervanmagazacilik.com\/index.php\/wp-json\/wp\/v2\/product_tag?post=37038"}],"curies":[{"name":"wp","href":"https:\/\/api.w.org\/{rel}","templated":true}]}}