{"id":37028,"date":"2026-04-15T10:15:42","date_gmt":"2026-04-15T07:15:42","guid":{"rendered":"https:\/\/kervanmagazacilik.com\/?post_type=product&#038;p=37028"},"modified":"2026-04-15T10:15:43","modified_gmt":"2026-04-15T07:15:43","slug":"611r60002316","status":"publish","type":"product","link":"https:\/\/kervanmagazacilik.com\/index.php\/urun\/611r60002316\/","title":{"rendered":"611R60002316"},"content":{"rendered":"<p><strong>611R60002316<\/strong><\/p>\n<p>AYNA BEYAZ 6x61x61cm TK-13354-TK-13226-MH-TK-172-TK-013354-TK-013294<\/p>\n<p>Geri Kazan\u0131lm\u0131\u015f Ah\u015fap Yumu\u015fak ve kuru bir bez yard\u0131m\u0131yla temizleyiniz.<\/p>\n","protected":false},"excerpt":{"rendered":"<p>611R60002316 AYNA BEYAZ 6x61x61cm TK-13354-TK-13226-MH-TK-172-TK-013354-TK-013294 Geri Kazan\u0131lm\u0131\u015f Ah\u015fap Yumu\u015fak ve kuru bir bez yard\u0131m\u0131yla temizleyiniz.<\/p>\n","protected":false},"featured_media":37029,"template":"","meta":[],"product_brand":[],"product_cat":[5147],"product_tag":[8159],"class_list":{"0":"post-37028","1":"product","2":"type-product","3":"status-publish","4":"has-post-thumbnail","6":"product_cat-611r6","7":"product_tag-611r60002316","9":"first","10":"instock","11":"taxable","12":"shipping-taxable","13":"product-type-simple"},"_links":{"self":[{"href":"https:\/\/kervanmagazacilik.com\/index.php\/wp-json\/wp\/v2\/product\/37028","targetHints":{"allow":["GET"]}}],"collection":[{"href":"https:\/\/kervanmagazacilik.com\/index.php\/wp-json\/wp\/v2\/product"}],"about":[{"href":"https:\/\/kervanmagazacilik.com\/index.php\/wp-json\/wp\/v2\/types\/product"}],"wp:featuredmedia":[{"embeddable":true,"href":"https:\/\/kervanmagazacilik.com\/index.php\/wp-json\/wp\/v2\/media\/37029"}],"wp:attachment":[{"href":"https:\/\/kervanmagazacilik.com\/index.php\/wp-json\/wp\/v2\/media?parent=37028"}],"wp:term":[{"taxonomy":"product_brand","embeddable":true,"href":"https:\/\/kervanmagazacilik.com\/index.php\/wp-json\/wp\/v2\/product_brand?post=37028"},{"taxonomy":"product_cat","embeddable":true,"href":"https:\/\/kervanmagazacilik.com\/index.php\/wp-json\/wp\/v2\/product_cat?post=37028"},{"taxonomy":"product_tag","embeddable":true,"href":"https:\/\/kervanmagazacilik.com\/index.php\/wp-json\/wp\/v2\/product_tag?post=37028"}],"curies":[{"name":"wp","href":"https:\/\/api.w.org\/{rel}","templated":true}]}}