{"id":37019,"date":"2026-04-15T10:11:06","date_gmt":"2026-04-15T07:11:06","guid":{"rendered":"https:\/\/kervanmagazacilik.com\/?post_type=product&#038;p=37019"},"modified":"2026-04-15T10:11:07","modified_gmt":"2026-04-15T07:11:07","slug":"611r60002312","status":"publish","type":"product","link":"https:\/\/kervanmagazacilik.com\/index.php\/urun\/611r60002312\/","title":{"rendered":"611R60002312"},"content":{"rendered":"<p><strong>611R60002312<\/strong><\/p>\n<p>AYNA BEYAZ 90x90cm TK-13350-TK-13222-MH-TK-168 TK-13114-TK-013350-TK-013290<\/p>\n<p>Geri Kazan\u0131lm\u0131\u015f Ah\u015fap Yumu\u015fak ve kuru bir bez yard\u0131m\u0131yla temizleyiniz.<\/p>\n","protected":false},"excerpt":{"rendered":"<p>611R60002312 AYNA BEYAZ 90x90cm TK-13350-TK-13222-MH-TK-168 TK-13114-TK-013350-TK-013290 Geri Kazan\u0131lm\u0131\u015f Ah\u015fap Yumu\u015fak ve kuru bir bez yard\u0131m\u0131yla temizleyiniz.<\/p>\n","protected":false},"featured_media":37022,"template":"","meta":[],"product_brand":[],"product_cat":[5147],"product_tag":[8156],"class_list":{"0":"post-37019","1":"product","2":"type-product","3":"status-publish","4":"has-post-thumbnail","6":"product_cat-611r6","7":"product_tag-611r60002312","9":"first","10":"instock","11":"taxable","12":"shipping-taxable","13":"product-type-simple"},"_links":{"self":[{"href":"https:\/\/kervanmagazacilik.com\/index.php\/wp-json\/wp\/v2\/product\/37019","targetHints":{"allow":["GET"]}}],"collection":[{"href":"https:\/\/kervanmagazacilik.com\/index.php\/wp-json\/wp\/v2\/product"}],"about":[{"href":"https:\/\/kervanmagazacilik.com\/index.php\/wp-json\/wp\/v2\/types\/product"}],"wp:featuredmedia":[{"embeddable":true,"href":"https:\/\/kervanmagazacilik.com\/index.php\/wp-json\/wp\/v2\/media\/37022"}],"wp:attachment":[{"href":"https:\/\/kervanmagazacilik.com\/index.php\/wp-json\/wp\/v2\/media?parent=37019"}],"wp:term":[{"taxonomy":"product_brand","embeddable":true,"href":"https:\/\/kervanmagazacilik.com\/index.php\/wp-json\/wp\/v2\/product_brand?post=37019"},{"taxonomy":"product_cat","embeddable":true,"href":"https:\/\/kervanmagazacilik.com\/index.php\/wp-json\/wp\/v2\/product_cat?post=37019"},{"taxonomy":"product_tag","embeddable":true,"href":"https:\/\/kervanmagazacilik.com\/index.php\/wp-json\/wp\/v2\/product_tag?post=37019"}],"curies":[{"name":"wp","href":"https:\/\/api.w.org\/{rel}","templated":true}]}}