{"id":37016,"date":"2026-04-15T10:07:36","date_gmt":"2026-04-15T07:07:36","guid":{"rendered":"https:\/\/kervanmagazacilik.com\/?post_type=product&#038;p=37016"},"modified":"2026-04-15T10:07:36","modified_gmt":"2026-04-15T07:07:36","slug":"611r60002304","status":"publish","type":"product","link":"https:\/\/kervanmagazacilik.com\/index.php\/urun\/611r60002304\/","title":{"rendered":"611R60002304"},"content":{"rendered":"<p><strong>611R60002304<\/strong><\/p>\n<p>AYNA NATURAL 6x44x170cm TK-13363-TK-13236-MH-TK-155 TK-13109-TK-013303-TK-013363<\/p>\n<p>Geri Kazan\u0131lm\u0131\u015f Ah\u015fap Yumu\u015fak ve kuru bir bez yard\u0131m\u0131yla temizleyiniz.<\/p>\n","protected":false},"excerpt":{"rendered":"<p>611R60002304 AYNA NATURAL 6x44x170cm TK-13363-TK-13236-MH-TK-155 TK-13109-TK-013303-TK-013363 Geri Kazan\u0131lm\u0131\u015f Ah\u015fap Yumu\u015fak ve kuru bir bez yard\u0131m\u0131yla temizleyiniz.<\/p>\n","protected":false},"featured_media":37018,"template":"","meta":[],"product_brand":[],"product_cat":[5147],"product_tag":[8154],"class_list":{"0":"post-37016","1":"product","2":"type-product","3":"status-publish","4":"has-post-thumbnail","6":"product_cat-611r6","7":"product_tag-611r60002304","9":"first","10":"instock","11":"taxable","12":"shipping-taxable","13":"product-type-simple"},"_links":{"self":[{"href":"https:\/\/kervanmagazacilik.com\/index.php\/wp-json\/wp\/v2\/product\/37016","targetHints":{"allow":["GET"]}}],"collection":[{"href":"https:\/\/kervanmagazacilik.com\/index.php\/wp-json\/wp\/v2\/product"}],"about":[{"href":"https:\/\/kervanmagazacilik.com\/index.php\/wp-json\/wp\/v2\/types\/product"}],"wp:featuredmedia":[{"embeddable":true,"href":"https:\/\/kervanmagazacilik.com\/index.php\/wp-json\/wp\/v2\/media\/37018"}],"wp:attachment":[{"href":"https:\/\/kervanmagazacilik.com\/index.php\/wp-json\/wp\/v2\/media?parent=37016"}],"wp:term":[{"taxonomy":"product_brand","embeddable":true,"href":"https:\/\/kervanmagazacilik.com\/index.php\/wp-json\/wp\/v2\/product_brand?post=37016"},{"taxonomy":"product_cat","embeddable":true,"href":"https:\/\/kervanmagazacilik.com\/index.php\/wp-json\/wp\/v2\/product_cat?post=37016"},{"taxonomy":"product_tag","embeddable":true,"href":"https:\/\/kervanmagazacilik.com\/index.php\/wp-json\/wp\/v2\/product_tag?post=37016"}],"curies":[{"name":"wp","href":"https:\/\/api.w.org\/{rel}","templated":true}]}}