{"id":37013,"date":"2026-04-15T10:06:18","date_gmt":"2026-04-15T07:06:18","guid":{"rendered":"https:\/\/kervanmagazacilik.com\/?post_type=product&#038;p=37013"},"modified":"2026-04-15T10:06:19","modified_gmt":"2026-04-15T07:06:19","slug":"611r60002301","status":"publish","type":"product","link":"https:\/\/kervanmagazacilik.com\/index.php\/urun\/611r60002301\/","title":{"rendered":"611R60002301"},"content":{"rendered":"<p><strong>611R60002301<\/strong><\/p>\n<p>AYNA NATURAL 10x102x102cm MH-TK-152 TK-13108<\/p>\n<p>Geri Kazan\u0131lm\u0131\u015f Ah\u015fapYumu\u015fak ve kuru bir bez yard\u0131m\u0131yla temizleyiniz.<\/p>\n","protected":false},"excerpt":{"rendered":"<p>611R60002301 AYNA NATURAL 10x102x102cm MH-TK-152 TK-13108 Geri Kazan\u0131lm\u0131\u015f Ah\u015fapYumu\u015fak ve kuru bir bez yard\u0131m\u0131yla temizleyiniz.<\/p>\n","protected":false},"featured_media":37015,"template":"","meta":[],"product_brand":[],"product_cat":[5147],"product_tag":[8153],"class_list":{"0":"post-37013","1":"product","2":"type-product","3":"status-publish","4":"has-post-thumbnail","6":"product_cat-611r6","7":"product_tag-611r60002301","9":"first","10":"instock","11":"taxable","12":"shipping-taxable","13":"product-type-simple"},"_links":{"self":[{"href":"https:\/\/kervanmagazacilik.com\/index.php\/wp-json\/wp\/v2\/product\/37013","targetHints":{"allow":["GET"]}}],"collection":[{"href":"https:\/\/kervanmagazacilik.com\/index.php\/wp-json\/wp\/v2\/product"}],"about":[{"href":"https:\/\/kervanmagazacilik.com\/index.php\/wp-json\/wp\/v2\/types\/product"}],"wp:featuredmedia":[{"embeddable":true,"href":"https:\/\/kervanmagazacilik.com\/index.php\/wp-json\/wp\/v2\/media\/37015"}],"wp:attachment":[{"href":"https:\/\/kervanmagazacilik.com\/index.php\/wp-json\/wp\/v2\/media?parent=37013"}],"wp:term":[{"taxonomy":"product_brand","embeddable":true,"href":"https:\/\/kervanmagazacilik.com\/index.php\/wp-json\/wp\/v2\/product_brand?post=37013"},{"taxonomy":"product_cat","embeddable":true,"href":"https:\/\/kervanmagazacilik.com\/index.php\/wp-json\/wp\/v2\/product_cat?post=37013"},{"taxonomy":"product_tag","embeddable":true,"href":"https:\/\/kervanmagazacilik.com\/index.php\/wp-json\/wp\/v2\/product_tag?post=37013"}],"curies":[{"name":"wp","href":"https:\/\/api.w.org\/{rel}","templated":true}]}}