{"id":37011,"date":"2026-04-15T10:05:28","date_gmt":"2026-04-15T07:05:28","guid":{"rendered":"https:\/\/kervanmagazacilik.com\/?post_type=product&#038;p=37011"},"modified":"2026-04-15T10:05:29","modified_gmt":"2026-04-15T07:05:29","slug":"611r60002292","status":"publish","type":"product","link":"https:\/\/kervanmagazacilik.com\/index.php\/urun\/611r60002292\/","title":{"rendered":"611R60002292"},"content":{"rendered":"<p><strong>611R60002292<\/strong><\/p>\n<p>AYNA BEYAZ 12x60x118cm MH-TK-137 TK-13105<\/p>\n<p>Mango A\u011fac\u0131Yumu\u015fak ve kuru bir bez yard\u0131m\u0131yla temizleyiniz.<\/p>\n","protected":false},"excerpt":{"rendered":"<p>611R60002292 AYNA BEYAZ 12x60x118cm MH-TK-137 TK-13105 Mango A\u011fac\u0131Yumu\u015fak ve kuru bir bez yard\u0131m\u0131yla temizleyiniz.<\/p>\n","protected":false},"featured_media":37014,"template":"","meta":[],"product_brand":[],"product_cat":[5147],"product_tag":[8152],"class_list":{"0":"post-37011","1":"product","2":"type-product","3":"status-publish","4":"has-post-thumbnail","6":"product_cat-611r6","7":"product_tag-611r60002292","9":"first","10":"instock","11":"taxable","12":"shipping-taxable","13":"product-type-simple"},"_links":{"self":[{"href":"https:\/\/kervanmagazacilik.com\/index.php\/wp-json\/wp\/v2\/product\/37011","targetHints":{"allow":["GET"]}}],"collection":[{"href":"https:\/\/kervanmagazacilik.com\/index.php\/wp-json\/wp\/v2\/product"}],"about":[{"href":"https:\/\/kervanmagazacilik.com\/index.php\/wp-json\/wp\/v2\/types\/product"}],"wp:featuredmedia":[{"embeddable":true,"href":"https:\/\/kervanmagazacilik.com\/index.php\/wp-json\/wp\/v2\/media\/37014"}],"wp:attachment":[{"href":"https:\/\/kervanmagazacilik.com\/index.php\/wp-json\/wp\/v2\/media?parent=37011"}],"wp:term":[{"taxonomy":"product_brand","embeddable":true,"href":"https:\/\/kervanmagazacilik.com\/index.php\/wp-json\/wp\/v2\/product_brand?post=37011"},{"taxonomy":"product_cat","embeddable":true,"href":"https:\/\/kervanmagazacilik.com\/index.php\/wp-json\/wp\/v2\/product_cat?post=37011"},{"taxonomy":"product_tag","embeddable":true,"href":"https:\/\/kervanmagazacilik.com\/index.php\/wp-json\/wp\/v2\/product_tag?post=37011"}],"curies":[{"name":"wp","href":"https:\/\/api.w.org\/{rel}","templated":true}]}}