{"id":37005,"date":"2026-04-15T10:00:36","date_gmt":"2026-04-15T07:00:36","guid":{"rendered":"https:\/\/kervanmagazacilik.com\/?post_type=product&#038;p=37005"},"modified":"2026-04-15T10:00:36","modified_gmt":"2026-04-15T07:00:36","slug":"611r60002285","status":"publish","type":"product","link":"https:\/\/kervanmagazacilik.com\/index.php\/urun\/611r60002285\/","title":{"rendered":"611R60002285"},"content":{"rendered":"<p><strong>611R60002285<\/strong><\/p>\n<p>AYNA NATURAL 12x65x144cm MH-TK-127 TK-13101<\/p>\n<p>Mango A\u011fac\u0131Yumu\u015fak ve kuru bir bez yard\u0131m\u0131yla temizleyiniz.<\/p>\n","protected":false},"excerpt":{"rendered":"<p>611R60002285 AYNA NATURAL 12x65x144cm MH-TK-127 TK-13101 Mango A\u011fac\u0131Yumu\u015fak ve kuru bir bez yard\u0131m\u0131yla temizleyiniz.<\/p>\n","protected":false},"featured_media":37008,"template":"","meta":[],"product_brand":[],"product_cat":[5147],"product_tag":[8149],"class_list":{"0":"post-37005","1":"product","2":"type-product","3":"status-publish","4":"has-post-thumbnail","6":"product_cat-611r6","7":"product_tag-611r60002285","9":"first","10":"instock","11":"taxable","12":"shipping-taxable","13":"product-type-simple"},"_links":{"self":[{"href":"https:\/\/kervanmagazacilik.com\/index.php\/wp-json\/wp\/v2\/product\/37005","targetHints":{"allow":["GET"]}}],"collection":[{"href":"https:\/\/kervanmagazacilik.com\/index.php\/wp-json\/wp\/v2\/product"}],"about":[{"href":"https:\/\/kervanmagazacilik.com\/index.php\/wp-json\/wp\/v2\/types\/product"}],"wp:featuredmedia":[{"embeddable":true,"href":"https:\/\/kervanmagazacilik.com\/index.php\/wp-json\/wp\/v2\/media\/37008"}],"wp:attachment":[{"href":"https:\/\/kervanmagazacilik.com\/index.php\/wp-json\/wp\/v2\/media?parent=37005"}],"wp:term":[{"taxonomy":"product_brand","embeddable":true,"href":"https:\/\/kervanmagazacilik.com\/index.php\/wp-json\/wp\/v2\/product_brand?post=37005"},{"taxonomy":"product_cat","embeddable":true,"href":"https:\/\/kervanmagazacilik.com\/index.php\/wp-json\/wp\/v2\/product_cat?post=37005"},{"taxonomy":"product_tag","embeddable":true,"href":"https:\/\/kervanmagazacilik.com\/index.php\/wp-json\/wp\/v2\/product_tag?post=37005"}],"curies":[{"name":"wp","href":"https:\/\/api.w.org\/{rel}","templated":true}]}}