{"id":370,"date":"2024-08-12T16:47:10","date_gmt":"2024-08-12T13:47:10","guid":{"rendered":"https:\/\/kervanmagazacilik.com\/?post_type=product&#038;p=370"},"modified":"2024-08-12T17:18:31","modified_gmt":"2024-08-12T14:18:31","slug":"611ac0000479","status":"publish","type":"product","link":"https:\/\/kervanmagazacilik.com\/index.php\/urun\/611ac0000479\/","title":{"rendered":"611AC0000479"},"content":{"rendered":"<p>611AC0000479<\/p>\n<p>V\u0130LLA CHER\u0130E V\u0130TR\u0130N 2 KAP 2 CEK KREM<\/p>\n<p>48x92x198cm N9008209-134 PRJ<\/p>\n<p>2 \u00e7ekmeceli vitrin yava\u015f kapanan s\u00fcrg\u00fcl\u00fc kadife astarl\u0131d\u0131r.<br \/>\nKasnak dolap kulplar\u0131 , bacak vurgular\u0131, ayaklar ve sedye Chardonnay tasar\u0131mla tamamland\u0131.<br \/>\n3 cam raf , bir mini kristal avize ve LED ekran\u0131 \u0131\u015f\u0131\u011f\u0131 i\u00e7erir.<\/p>\n","protected":false},"excerpt":{"rendered":"<p>611AC0000479 V\u0130LLA CHER\u0130E V\u0130TR\u0130N 2 KAP 2 CEK KREM 48x92x198cm N9008209-134 PRJ 2 \u00e7ekmeceli vitrin yava\u015f kapanan s\u00fcrg\u00fcl\u00fc kadife astarl\u0131d\u0131r. Kasnak dolap kulplar\u0131 , bacak vurgular\u0131, ayaklar ve sedye Chardonnay tasar\u0131mla tamamland\u0131. 3 cam raf , bir mini kristal avize ve LED ekran\u0131 \u0131\u015f\u0131\u011f\u0131 i\u00e7erir.<\/p>\n","protected":false},"featured_media":371,"template":"","meta":[],"product_brand":[],"product_cat":[42],"product_tag":[71],"class_list":{"0":"post-370","1":"product","2":"type-product","3":"status-publish","4":"has-post-thumbnail","6":"product_cat-611ac","7":"product_tag-611ac0000479","9":"first","10":"instock","11":"taxable","12":"shipping-taxable","13":"product-type-simple"},"_links":{"self":[{"href":"https:\/\/kervanmagazacilik.com\/index.php\/wp-json\/wp\/v2\/product\/370","targetHints":{"allow":["GET"]}}],"collection":[{"href":"https:\/\/kervanmagazacilik.com\/index.php\/wp-json\/wp\/v2\/product"}],"about":[{"href":"https:\/\/kervanmagazacilik.com\/index.php\/wp-json\/wp\/v2\/types\/product"}],"wp:featuredmedia":[{"embeddable":true,"href":"https:\/\/kervanmagazacilik.com\/index.php\/wp-json\/wp\/v2\/media\/371"}],"wp:attachment":[{"href":"https:\/\/kervanmagazacilik.com\/index.php\/wp-json\/wp\/v2\/media?parent=370"}],"wp:term":[{"taxonomy":"product_brand","embeddable":true,"href":"https:\/\/kervanmagazacilik.com\/index.php\/wp-json\/wp\/v2\/product_brand?post=370"},{"taxonomy":"product_cat","embeddable":true,"href":"https:\/\/kervanmagazacilik.com\/index.php\/wp-json\/wp\/v2\/product_cat?post=370"},{"taxonomy":"product_tag","embeddable":true,"href":"https:\/\/kervanmagazacilik.com\/index.php\/wp-json\/wp\/v2\/product_tag?post=370"}],"curies":[{"name":"wp","href":"https:\/\/api.w.org\/{rel}","templated":true}]}}