{"id":36997,"date":"2026-04-15T09:50:46","date_gmt":"2026-04-15T06:50:46","guid":{"rendered":"https:\/\/kervanmagazacilik.com\/?post_type=product&#038;p=36997"},"modified":"2026-04-15T09:50:47","modified_gmt":"2026-04-15T06:50:47","slug":"759al0000048","status":"publish","type":"product","link":"https:\/\/kervanmagazacilik.com\/index.php\/urun\/759al0000048\/","title":{"rendered":"759AL0000048"},"content":{"rendered":"<p><strong>759AL0000048<\/strong><\/p>\n<p>RAMONA PARLAK ALTIN 96 PRC CATAL BICAK TK<\/p>\n<p>1-\u00dcr\u00fcnleri ilk kullan\u0131mdan \u00f6nce s\u0131cak su ve bula\u015f\u0131k deterjan\u0131 ile y\u0131kay\u0131n\u0131z.(Kesinlikle \u00e7ama\u015f\u0131r suyunda kaynatmay\u0131n\u0131z) Y\u0131kama i\u015fleminden hemen sonra durulay\u0131p yumu\u015fak bir bezle kurulay\u0131n\u0131z. Aksi takdirde suda bulunan klor ve minareller leke b\u0131rakabilir.<\/p>\n<p>2-\u00dcr\u00fcnlerin, asit i\u00e7eren g\u0131da maddeleri ve bula\u015f\u0131k art\u0131klar\u0131 ile uzun s\u00fcreli temas\u0131 paslanma ve renk de\u011fi\u015ftirme yapabilir. Bu y\u00fczden kulland\u0131ktan sonra en k\u0131sa zamanda y\u0131kay\u0131p, kurulay\u0131n\u0131z. Kesinlikle nemli ortamda b\u0131rakmay\u0131n\u0131z. \u00dcr\u00fcnler bula\u015f\u0131k makinas\u0131nda y\u0131kanabilir.<\/p>\n<p>3-Alt\u0131n ve g\u00fcm\u00fc\u015f boyal\u0131 kaplama \u00fcr\u00fcnleri bula\u015f\u0131k makinas\u0131nda sadece hassas programda y\u0131kanabilir ancak kullan\u0131m \u00f6mr\u00fcn\u00fc k\u0131salt\u0131r. Bu sebeple kaplamal\u0131 \u00fcr\u00fcnlerin elde y\u0131kanmas\u0131 \u00f6nerilir.<\/p>\n<p>4-Elde y\u0131kama ile; uygun deterjan ve yumu\u015fak bir s\u00fcnger kullan\u0131n\u0131z.<\/p>\n","protected":false},"excerpt":{"rendered":"<p>759AL0000048 RAMONA PARLAK ALTIN 96 PRC CATAL BICAK TK 1-\u00dcr\u00fcnleri ilk kullan\u0131mdan \u00f6nce s\u0131cak su ve bula\u015f\u0131k deterjan\u0131 ile y\u0131kay\u0131n\u0131z.(Kesinlikle \u00e7ama\u015f\u0131r suyunda kaynatmay\u0131n\u0131z) Y\u0131kama i\u015fleminden hemen sonra durulay\u0131p yumu\u015fak bir bezle kurulay\u0131n\u0131z. Aksi takdirde suda bulunan klor ve minareller leke b\u0131rakabilir. 2-\u00dcr\u00fcnlerin, asit i\u00e7eren g\u0131da maddeleri ve bula\u015f\u0131k art\u0131klar\u0131 ile uzun s\u00fcreli temas\u0131 paslanma ve [&hellip;]<\/p>\n","protected":false},"featured_media":36999,"template":"","meta":[],"product_brand":[],"product_cat":[202],"product_tag":[8146],"class_list":{"0":"post-36997","1":"product","2":"type-product","3":"status-publish","4":"has-post-thumbnail","6":"product_cat-759al","7":"product_tag-759al0000048","9":"first","10":"instock","11":"taxable","12":"shipping-taxable","13":"product-type-simple"},"_links":{"self":[{"href":"https:\/\/kervanmagazacilik.com\/index.php\/wp-json\/wp\/v2\/product\/36997","targetHints":{"allow":["GET"]}}],"collection":[{"href":"https:\/\/kervanmagazacilik.com\/index.php\/wp-json\/wp\/v2\/product"}],"about":[{"href":"https:\/\/kervanmagazacilik.com\/index.php\/wp-json\/wp\/v2\/types\/product"}],"wp:featuredmedia":[{"embeddable":true,"href":"https:\/\/kervanmagazacilik.com\/index.php\/wp-json\/wp\/v2\/media\/36999"}],"wp:attachment":[{"href":"https:\/\/kervanmagazacilik.com\/index.php\/wp-json\/wp\/v2\/media?parent=36997"}],"wp:term":[{"taxonomy":"product_brand","embeddable":true,"href":"https:\/\/kervanmagazacilik.com\/index.php\/wp-json\/wp\/v2\/product_brand?post=36997"},{"taxonomy":"product_cat","embeddable":true,"href":"https:\/\/kervanmagazacilik.com\/index.php\/wp-json\/wp\/v2\/product_cat?post=36997"},{"taxonomy":"product_tag","embeddable":true,"href":"https:\/\/kervanmagazacilik.com\/index.php\/wp-json\/wp\/v2\/product_tag?post=36997"}],"curies":[{"name":"wp","href":"https:\/\/api.w.org\/{rel}","templated":true}]}}